{"id":2531,"date":"2020-03-31T13:25:00","date_gmt":"2020-03-31T13:25:00","guid":{"rendered":"https:\/\/alloggio.qodeinteractive.com\/?page_id=2531"},"modified":"2023-11-10T15:50:10","modified_gmt":"2023-11-10T15:50:10","slug":"kontaktai","status":"publish","type":"page","link":"https:\/\/stotieshostelis.lt\/en\/contacts\/","title":{"rendered":"Contacts"},"content":{"rendered":"\t\t<div data-elementor-type=\"wp-page\" data-elementor-id=\"2531\" class=\"elementor elementor-2531\">\n\t\t\t\t\t\t<section class=\"elementor-section elementor-top-section elementor-element elementor-element-c9042e3 elementor-section-full_width qodef-elementor-content-grid elementor-section-height-default elementor-section-height-default\" data-id=\"c9042e3\" data-element_type=\"section\" data-e-type=\"section\">\n\t\t\t\t\t\t<div class=\"elementor-container elementor-column-gap-no\">\n\t\t\t\t\t<div class=\"elementor-column elementor-col-50 elementor-top-column elementor-element elementor-element-cc5b1cc\" data-id=\"cc5b1cc\" data-element_type=\"column\" data-e-type=\"column\">\n\t\t\t<div class=\"elementor-widget-wrap elementor-element-populated\">\n\t\t\t\t\t\t<div class=\"elementor-element elementor-element-072a0f2 elementor-widget elementor-widget-text-editor\" data-id=\"072a0f2\" data-element_type=\"widget\" data-e-type=\"widget\" data-widget_type=\"text-editor.default\">\n\t\t\t\t<div class=\"elementor-widget-container\">\n\t\t\t\t\t\t\t\t\t<h4>Rekvizitai:<\/h4><h4>Hostlita, UAB<br \/>\u012emon\u0117s kodas &#8211; 303491867<br \/>PVM &#8211; LT100009136817<\/h4><h4>Nedelskite! Para\u0161ykite mums lai\u0161k\u0105: <a href=\"mailto:info@stotieshostelis.lt\">info@stotieshostelis.lt<\/a><\/h4>\t\t\t\t\t\t\t\t<\/div>\n\t\t\t\t<\/div>\n\t\t\t\t<div class=\"elementor-element elementor-element-d48a068 elementor-widget elementor-widget-text-editor\" data-id=\"d48a068\" data-element_type=\"widget\" data-e-type=\"widget\" data-widget_type=\"text-editor.default\">\n\t\t\t\t<div class=\"elementor-widget-container\">\n\t\t\t\t\t\t\t\t\t<p>M\u016bs\u0173 komanda mielai atsakys \u012f visus J\u016bs\u0173 klausimus, suteiks reikiam\u0105 informacij\u0105 ir pad\u0117s atlikti rezervacij\u0105. Esame \u010dia, kad pad\u0117tume Jums kuo maloniau praleisti laik\u0105 Vilniuje!<\/p>\t\t\t\t\t\t\t\t<\/div>\n\t\t\t\t<\/div>\n\t\t\t\t<div class=\"elementor-element elementor-element-d610a97 elementor-widget elementor-widget-text-editor\" data-id=\"d610a97\" data-element_type=\"widget\" data-e-type=\"widget\" data-widget_type=\"text-editor.default\">\n\t\t\t\t<div class=\"elementor-widget-container\">\n\t\t\t\t\t\t\t\t\t<h4>Paskambinkite mums\u00a0 <a href=\"tel:+37069056555\">+370 690 56555<\/a><\/h4>\t\t\t\t\t\t\t\t<\/div>\n\t\t\t\t<\/div>\n\t\t\t\t<div class=\"elementor-element elementor-element-1d22069 elementor-widget elementor-widget-text-editor\" data-id=\"1d22069\" data-element_type=\"widget\" data-e-type=\"widget\" data-widget_type=\"text-editor.default\">\n\t\t\t\t<div class=\"elementor-widget-container\">\n\t\t\t\t\t\t\t\t\t<p>Paskambinkite mums numeriu +370 690 56555, jei turite koki\u0173 nors klausim\u0173 ar norite atlikti rezervacij\u0105. M\u016bs\u0173 draugi\u0161kas ir profesionalus personalas visada yra pasiruo\u0161\u0119s pad\u0117ti ir suteikti vis\u0105 reikiam\u0105 informacij\u0105. Mes laukiame J\u016bs\u0173 skambu\u010dio!<\/p>\t\t\t\t\t\t\t\t<\/div>\n\t\t\t\t<\/div>\n\t\t\t\t<div class=\"elementor-element elementor-element-571a13c elementor-widget elementor-widget-text-editor\" data-id=\"571a13c\" data-element_type=\"widget\" data-e-type=\"widget\" data-widget_type=\"text-editor.default\">\n\t\t\t\t<div class=\"elementor-widget-container\">\n\t\t\t\t\t\t\t\t\t<h4>Mus rasite Vilniuje, <a href=\"https:\/\/goo.gl\/maps\/PafJqonL4Jx5jEXW9\" target=\"blank\" rel=\"noopener\">Gele\u017einkelio g 6, Naujamiestyje\u00a0<\/a><\/h4>\t\t\t\t\t\t\t\t<\/div>\n\t\t\t\t<\/div>\n\t\t\t\t<div class=\"elementor-element elementor-element-ef5c885 elementor-widget elementor-widget-text-editor\" data-id=\"ef5c885\" data-element_type=\"widget\" data-e-type=\"widget\" data-widget_type=\"text-editor.default\">\n\t\t\t\t<div class=\"elementor-widget-container\">\n\t\t\t\t\t\t\t\t\t<p>Mus rasite pa\u010diame Vilniaus centre, adresu Gele\u017einkelio g. 6 Vilniuje, prie Centrini\u0173 Autobus\u0173 ir Gele\u017einkelio sto\u010di\u0173. \u0160is strateginis pasirinkimas leid\u017eia m\u016bs\u0173 sve\u010diams lengvai pasiekti daugyb\u0119 lankom\u0173 viet\u0173 tiek pes\u010diomis tiek vie\u0161uoju transportu,o taip pat m\u0117gautis miesto gyvenimu. Laukiame J\u016bs\u0173 apsilankymo!<\/p>\t\t\t\t\t\t\t\t<\/div>\n\t\t\t\t<\/div>\n\t\t\t\t<div class=\"elementor-element elementor-element-532fe70 elementor-widget elementor-widget-alloggio_core_google_map\" data-id=\"532fe70\" data-element_type=\"widget\" data-e-type=\"widget\" data-widget_type=\"alloggio_core_google_map.default\">\n\t\t\t\t<div class=\"elementor-widget-container\">\n\t\t\t\t\t<div class=\"qodef-shortcode qodef-m  qodef-google-map\">\n\t<div class=\"qodef-m-map\" id=\"qodef-map-id--1\" data-addresses='[\"6 Gele\u017einkelio gatv\u0117, Naujamiestis, Vilnius.\"]' data-pin=https:\/\/stotieshostelis.lt\/wp-content\/plugins\/alloggio-core\/inc\/maps\/assets\/img\/pin.png data-unique-id=1 data-height=300><\/div>\n<\/div>\t\t\t\t<\/div>\n\t\t\t\t<\/div>\n\t\t\t\t\t<\/div>\n\t\t<\/div>\n\t\t\t\t<div class=\"elementor-column elementor-col-50 elementor-top-column elementor-element elementor-element-7ca5e6f\" data-id=\"7ca5e6f\" data-element_type=\"column\" data-e-type=\"column\">\n\t\t\t<div class=\"elementor-widget-wrap elementor-element-populated\">\n\t\t\t\t\t\t<div class=\"elementor-element elementor-element-f52185c elementor-widget elementor-widget-text-editor\" data-id=\"f52185c\" data-element_type=\"widget\" data-e-type=\"widget\" data-widget_type=\"text-editor.default\">\n\t\t\t\t<div class=\"elementor-widget-container\">\n\t\t\t\t\t\t\t\t\t<h4>Ie\u0161kote vietos apsistoti ilgesniam laikui? Ar didesnei grupei? Pateiksime Jums asmenin\u012f pasi\u016blym\u0105. <\/h4>\t\t\t\t\t\t\t\t<\/div>\n\t\t\t\t<\/div>\n\t\t\t\t<div class=\"elementor-element elementor-element-8b3af96 elementor-widget elementor-widget-text-editor\" data-id=\"8b3af96\" data-element_type=\"widget\" data-e-type=\"widget\" data-widget_type=\"text-editor.default\">\n\t\t\t\t<div class=\"elementor-widget-container\">\n\t\t\t\t\t\t\t\t\t<p>Paskambinkite mums numeriu +370 658 05189 arba ra\u0161ykite el. lai\u0161k\u0105 adresu <a href=\"mailto:verslas@stotieshostelis.lt\">verslas@stotieshostelis.lt<\/a><\/p>\t\t\t\t\t\t\t\t<\/div>\n\t\t\t\t<\/div>\n\t\t\t\t<div class=\"elementor-element elementor-element-9ed7839 elementor-widget elementor-widget-text-editor\" data-id=\"9ed7839\" data-element_type=\"widget\" data-e-type=\"widget\" data-widget_type=\"text-editor.default\">\n\t\t\t\t<div class=\"elementor-widget-container\">\n\t\t\t\t\t\t\t\t\t<h4>Kuo Jums gal\u0117tume pad\u0117ti?<\/h4>\t\t\t\t\t\t\t\t<\/div>\n\t\t\t\t<\/div>\n\t\t\t\t<div class=\"elementor-element elementor-element-f340d5e elementor-widget elementor-widget-text-editor\" data-id=\"f340d5e\" data-element_type=\"widget\" data-e-type=\"widget\" data-widget_type=\"text-editor.default\">\n\t\t\t\t<div class=\"elementor-widget-container\">\n\t\t\t\t\t\t\t\t\t<p>Kuo Jums gal\u0117tume pad\u0117ti? Pasinaudokite \u017eemiau esan\u010dia kontakt\u0173 u\u017eklaus\u0173 forma ir u\u017eduokite klausimus, pasidalinkite r\u016bpes\u010diais ar pageidavimais. M\u016bs\u0173 komanda yra pasiruo\u0161usi pad\u0117ti ir suteikti vis\u0105 reikiam\u0105 informacij\u0105, kad J\u016bs\u0173 vie\u0161nag\u0117 m\u016bs\u0173 hostelyje b\u016bt\u0173 kuo sklandesn\u0117!<\/p>\t\t\t\t\t\t\t\t<\/div>\n\t\t\t\t<\/div>\n\t\t\t\t<div class=\"elementor-element elementor-element-694fb05 elementor-widget elementor-widget-wp-widget-alloggio_core_contact_form_7\" data-id=\"694fb05\" data-element_type=\"widget\" data-e-type=\"widget\" data-widget_type=\"wp-widget-alloggio_core_contact_form_7.default\">\n\t\t\t\t<div class=\"elementor-widget-container\">\n\t\t\t\t\t\t\t\t<div class=\"qodef-contact-form-7\">\n\t\t\t\t\n<div class=\"wpcf7 no-js\" id=\"wpcf7-f256-o1\" lang=\"en-US\" dir=\"ltr\" data-wpcf7-id=\"256\">\n<div class=\"screen-reader-response\"><p role=\"status\" aria-live=\"polite\" aria-atomic=\"true\"><\/p> <ul><\/ul><\/div>\n<form action=\"\/en\/wp-json\/wp\/v2\/pages\/2531#wpcf7-f256-o1\" method=\"post\" class=\"wpcf7-form init\" aria-label=\"Contact form\" novalidate=\"novalidate\" data-status=\"init\">\n<fieldset class=\"hidden-fields-container\"><input type=\"hidden\" name=\"_wpcf7\" value=\"256\" \/><input type=\"hidden\" name=\"_wpcf7_version\" value=\"6.1.5\" \/><input type=\"hidden\" name=\"_wpcf7_locale\" value=\"en_US\" \/><input type=\"hidden\" name=\"_wpcf7_unit_tag\" value=\"wpcf7-f256-o1\" \/><input type=\"hidden\" name=\"_wpcf7_container_post\" value=\"0\" \/><input type=\"hidden\" name=\"_wpcf7_posted_data_hash\" value=\"\" \/>\n<\/fieldset>\n<div class=\"qodef-grid qodef-gutter--small\"><div class=\"qodef-grid-inner\"><div class=\"qodef-grid-item\">\n<label> Vardas\n    <span class=\"wpcf7-form-control-wrap\" data-name=\"your-name\"><input size=\"40\" maxlength=\"400\" class=\"wpcf7-form-control wpcf7-text wpcf7-validates-as-required\" aria-required=\"true\" aria-invalid=\"false\" value=\"\" type=\"text\" name=\"your-name\" \/><\/span> <\/label>\n<\/div><\/div><\/div>\n<div class=\"qodef-grid qodef-gutter--small\"><div class=\"qodef-grid-inner\"><div class=\"qodef-grid-item\">\n<label> El. Pa\u0161tas\n    <span class=\"wpcf7-form-control-wrap\" data-name=\"your-email\"><input size=\"40\" maxlength=\"400\" class=\"wpcf7-form-control wpcf7-email wpcf7-validates-as-required wpcf7-text wpcf7-validates-as-email\" aria-required=\"true\" aria-invalid=\"false\" value=\"\" type=\"email\" name=\"your-email\" \/><\/span> <\/label>\n<\/div><\/div><\/div>\n<div class=\"qodef-grid qodef-gutter--normal\"><div class=\"qodef-grid-inner\"><div class=\"qodef-grid-item\">\n<label> \u017dinut\u0117\n    <span class=\"wpcf7-form-control-wrap\" data-name=\"your-message\"><textarea cols=\"40\" rows=\"6\" maxlength=\"2000\" class=\"wpcf7-form-control wpcf7-textarea\" aria-invalid=\"false\" name=\"your-message\"><\/textarea><\/span> <\/label>\n<\/div><\/div><\/div>\n\n<button class=\"wpcf7-form-control wpcf7-submit qodef-button qodef-size--normal qodef-type--outlined qodef-m\" type=\"submit\"><span class=\"qodef-m-text\">I\u0161si\u0173sti<\/span><\/button><div class=\"wpcf7-response-output\" aria-hidden=\"true\"><\/div>\n<\/form>\n<\/div>\n\t\t\t<\/div>\n\t\t\t\t\t\t\t<\/div>\n\t\t\t\t<\/div>\n\t\t\t\t\t<\/div>\n\t\t<\/div>\n\t\t\t\t\t<\/div>\n\t\t<\/section>\n\t\t\t\t<section class=\"elementor-section elementor-top-section elementor-element elementor-element-48920046 elementor-section-full_width elementor-section-height-default elementor-section-height-default qodef-elementor-content-no\" data-id=\"48920046\" data-element_type=\"section\" data-e-type=\"section\">\n\t\t\t\t\t\t<div class=\"elementor-container elementor-column-gap-no\">\n\t\t\t\t\t<div class=\"elementor-column elementor-col-100 elementor-top-column elementor-element elementor-element-2a6f310b\" data-id=\"2a6f310b\" data-element_type=\"column\" data-e-type=\"column\" data-settings=\"{&quot;background_background&quot;:&quot;classic&quot;}\">\n\t\t\t<div class=\"elementor-widget-wrap elementor-element-populated\">\n\t\t\t\t\t\t<div class=\"elementor-element elementor-element-23f4ec0d elementor-widget elementor-widget-wp-widget-alloggio_core_contact_form_7\" data-id=\"23f4ec0d\" data-element_type=\"widget\" data-e-type=\"widget\" data-widget_type=\"wp-widget-alloggio_core_contact_form_7.default\">\n\t\t\t\t<div class=\"elementor-widget-container\">\n\t\t\t\t\t\t\t\t<div class=\"qodef-contact-form-7\">\n\t\t\t\t\n<div class=\"wpcf7 no-js\" id=\"wpcf7-f257-o2\" lang=\"en-US\" dir=\"ltr\" data-wpcf7-id=\"257\">\n<div class=\"screen-reader-response\"><p role=\"status\" aria-live=\"polite\" aria-atomic=\"true\"><\/p> <ul><\/ul><\/div>\n<form action=\"\/en\/wp-json\/wp\/v2\/pages\/2531#wpcf7-f257-o2\" method=\"post\" class=\"wpcf7-form init\" aria-label=\"Contact form\" novalidate=\"novalidate\" data-status=\"init\">\n<fieldset class=\"hidden-fields-container\"><input type=\"hidden\" name=\"_wpcf7\" value=\"257\" \/><input type=\"hidden\" name=\"_wpcf7_version\" value=\"6.1.5\" \/><input type=\"hidden\" name=\"_wpcf7_locale\" value=\"en_US\" \/><input type=\"hidden\" name=\"_wpcf7_unit_tag\" value=\"wpcf7-f257-o2\" \/><input type=\"hidden\" name=\"_wpcf7_container_post\" value=\"0\" \/><input type=\"hidden\" name=\"_wpcf7_posted_data_hash\" value=\"\" \/>\n<\/fieldset>\n<div class=\"qodef-newsletter-form-style\">\n<h2 class=\"qodef-e-title\"><span class=\"icon-basic-mail-open-text qodef-e-icon\"><\/span>Gaukite visas m\u016bs\u0173 naujienas!<\/h2><span class=\"wpcf7-form-control-wrap\" data-name=\"your-email\"><input size=\"40\" maxlength=\"400\" class=\"wpcf7-form-control wpcf7-email wpcf7-validates-as-required wpcf7-text wpcf7-validates-as-email\" aria-required=\"true\" aria-invalid=\"false\" placeholder=\"El. Pa\u0161tas\" value=\"\" type=\"email\" name=\"your-email\" \/><\/span><button class=\"wpcf7-form-control wpcf7-submit qodef-button qodef-size--normal qodef-type--outlined qodef-m\" type=\"submit\"><span class=\"qodef-m-text\">Prenumeruoti<\/span><\/button>\n<\/div><div class=\"wpcf7-response-output\" aria-hidden=\"true\"><\/div>\n<\/form>\n<\/div>\n\t\t\t<\/div>\n\t\t\t\t\t\t\t<\/div>\n\t\t\t\t<\/div>\n\t\t\t\t\t<\/div>\n\t\t<\/div>\n\t\t\t\t\t<\/div>\n\t\t<\/section>\n\t\t\t\t<\/div>\n\t\t","protected":false},"excerpt":{"rendered":"<p>Rekvizitai: Hostlita, UAB\u012emon\u0117s kodas &#8211; 303491867PVM &#8211; LT100009136817 Nedelskite! Para\u0161ykite mums lai\u0161k\u0105: info@stotieshostelis.lt M\u016bs\u0173 komanda mielai atsakys \u012f visus J\u016bs\u0173 klausimus, suteiks reikiam\u0105 informacij\u0105 ir pad\u0117s atlikti rezervacij\u0105. Esame \u010dia, kad pad\u0117tume Jums kuo maloniau praleisti laik\u0105 Vilniuje! Paskambinkite mums\u00a0 +370 690 56555 Paskambinkite mums numeriu +370 690 56555, jei turite koki\u0173 nors klausim\u0173 ar [&hellip;]<\/p>\n","protected":false},"author":1,"featured_media":4852,"parent":0,"menu_order":0,"comment_status":"closed","ping_status":"closed","template":"page-full-width.php","meta":{"footnotes":""},"class_list":["post-2531","page","type-page","status-publish","has-post-thumbnail","hentry"],"yoast_head":"<!-- This site is optimized with the Yoast SEO plugin v22.6 - https:\/\/yoast.com\/wordpress\/plugins\/seo\/ -->\n<title>Kontaktai (2026) StotiesHostelis.lt<\/title>\n<meta name=\"description\" content=\"Ie\u0161kote vietos apsistoti ilgesniam laikui? Ar didesnei grupei? Pateiksime Jums asmenin\u012f pasi\u016blym\u0105. +370 658 05189, verslas@stotieshostelis.lt.\" \/>\n<meta name=\"robots\" content=\"index, follow, max-snippet:-1, max-image-preview:large, max-video-preview:-1\" \/>\n<link rel=\"canonical\" href=\"https:\/\/stotieshostelis.lt\/en\/contacts\/\" \/>\n<meta property=\"og:locale\" content=\"en_US\" \/>\n<meta property=\"og:type\" content=\"article\" \/>\n<meta property=\"og:title\" content=\"Kontaktai (2026) StotiesHostelis.lt\" \/>\n<meta property=\"og:description\" content=\"Ie\u0161kote vietos apsistoti ilgesniam laikui? Ar didesnei grupei? Pateiksime Jums asmenin\u012f pasi\u016blym\u0105. +370 658 05189, verslas@stotieshostelis.lt.\" \/>\n<meta property=\"og:url\" content=\"https:\/\/stotieshostelis.lt\/en\/contacts\/\" \/>\n<meta property=\"og:site_name\" content=\"StotiesHostelis.lt\" \/>\n<meta property=\"article:publisher\" content=\"https:\/\/www.facebook.com\/stotieshostelis\" \/>\n<meta property=\"article:modified_time\" content=\"2023-11-10T15:50:10+00:00\" \/>\n<meta property=\"og:image\" content=\"http:\/\/stotieshostelis.lt\/wp-content\/uploads\/2023\/07\/salionas11.jpg\" \/>\n\t<meta property=\"og:image:width\" content=\"2000\" \/>\n\t<meta property=\"og:image:height\" content=\"1333\" \/>\n\t<meta property=\"og:image:type\" content=\"image\/jpeg\" \/>\n<meta name=\"twitter:card\" content=\"summary_large_image\" \/>\n<meta name=\"twitter:label1\" content=\"Est. reading time\" \/>\n\t<meta name=\"twitter:data1\" content=\"8 minutes\" \/>\n<script type=\"application\/ld+json\" class=\"yoast-schema-graph\">{\"@context\":\"https:\/\/schema.org\",\"@graph\":[{\"@type\":\"WebPage\",\"@id\":\"https:\/\/stotieshostelis.lt\/kontaktai\/\",\"url\":\"https:\/\/stotieshostelis.lt\/kontaktai\/\",\"name\":\"Kontaktai (2026) StotiesHostelis.lt\",\"isPartOf\":{\"@id\":\"https:\/\/stotieshostelis.lt\/#website\"},\"primaryImageOfPage\":{\"@id\":\"https:\/\/stotieshostelis.lt\/kontaktai\/#primaryimage\"},\"image\":{\"@id\":\"https:\/\/stotieshostelis.lt\/kontaktai\/#primaryimage\"},\"thumbnailUrl\":\"https:\/\/stotieshostelis.lt\/wp-content\/uploads\/2023\/07\/salionas11.jpg\",\"datePublished\":\"2020-03-31T13:25:00+00:00\",\"dateModified\":\"2023-11-10T15:50:10+00:00\",\"description\":\"Ie\u0161kote vietos apsistoti ilgesniam laikui? Ar didesnei grupei? Pateiksime Jums asmenin\u012f pasi\u016blym\u0105. +370 658 05189, verslas@stotieshostelis.lt.\",\"breadcrumb\":{\"@id\":\"https:\/\/stotieshostelis.lt\/kontaktai\/#breadcrumb\"},\"inLanguage\":\"en-US\",\"potentialAction\":[{\"@type\":\"ReadAction\",\"target\":[\"https:\/\/stotieshostelis.lt\/kontaktai\/\"]}]},{\"@type\":\"ImageObject\",\"inLanguage\":\"en-US\",\"@id\":\"https:\/\/stotieshostelis.lt\/kontaktai\/#primaryimage\",\"url\":\"https:\/\/stotieshostelis.lt\/wp-content\/uploads\/2023\/07\/salionas11.jpg\",\"contentUrl\":\"https:\/\/stotieshostelis.lt\/wp-content\/uploads\/2023\/07\/salionas11.jpg\",\"width\":2000,\"height\":1333,\"caption\":\"Holas\"},{\"@type\":\"BreadcrumbList\",\"@id\":\"https:\/\/stotieshostelis.lt\/kontaktai\/#breadcrumb\",\"itemListElement\":[{\"@type\":\"ListItem\",\"position\":1,\"name\":\"Home\",\"item\":\"https:\/\/stotieshostelis.lt\/\"},{\"@type\":\"ListItem\",\"position\":2,\"name\":\"Kontaktai\"}]},{\"@type\":\"WebSite\",\"@id\":\"https:\/\/stotieshostelis.lt\/#website\",\"url\":\"https:\/\/stotieshostelis.lt\/\",\"name\":\"StotiesHostelis.lt\",\"description\":\"Geriausios kainos garantas!\",\"publisher\":{\"@id\":\"https:\/\/stotieshostelis.lt\/#organization\"},\"alternateName\":\"Stoties Hostelis\",\"potentialAction\":[{\"@type\":\"SearchAction\",\"target\":{\"@type\":\"EntryPoint\",\"urlTemplate\":\"https:\/\/stotieshostelis.lt\/?s={search_term_string}\"},\"query-input\":\"required name=search_term_string\"}],\"inLanguage\":\"en-US\"},{\"@type\":\"Organization\",\"@id\":\"https:\/\/stotieshostelis.lt\/#organization\",\"name\":\"Stoties Hostelis\",\"url\":\"https:\/\/stotieshostelis.lt\/\",\"logo\":{\"@type\":\"ImageObject\",\"inLanguage\":\"en-US\",\"@id\":\"https:\/\/stotieshostelis.lt\/#\/schema\/logo\/image\/\",\"url\":\"https:\/\/stotieshostelis.lt\/wp-content\/uploads\/2023\/09\/Mainhostel.png\",\"contentUrl\":\"https:\/\/stotieshostelis.lt\/wp-content\/uploads\/2023\/09\/Mainhostel.png\",\"width\":454,\"height\":243,\"caption\":\"Stoties Hostelis\"},\"image\":{\"@id\":\"https:\/\/stotieshostelis.lt\/#\/schema\/logo\/image\/\"},\"sameAs\":[\"https:\/\/www.facebook.com\/stotieshostelis\",\"https:\/\/www.instagram.com\/stotieshostelis_\/\"]}]}<\/script>\n<!-- \/ Yoast SEO plugin. -->","yoast_head_json":{"title":"Kontaktai (2026) StotiesHostelis.lt","description":"Looking for a place to stay for a longer period of time? Or for a larger group? We will make you a personal offer. +370 658 05189, verslas@stotieshostelis.lt.","robots":{"index":"index","follow":"follow","max-snippet":"max-snippet:-1","max-image-preview":"max-image-preview:large","max-video-preview":"max-video-preview:-1"},"canonical":"https:\/\/stotieshostelis.lt\/en\/contacts\/","og_locale":"en_US","og_type":"article","og_title":"Kontaktai (2026) StotiesHostelis.lt","og_description":"Ie\u0161kote vietos apsistoti ilgesniam laikui? Ar didesnei grupei? Pateiksime Jums asmenin\u012f pasi\u016blym\u0105. +370 658 05189, verslas@stotieshostelis.lt.","og_url":"https:\/\/stotieshostelis.lt\/en\/contacts\/","og_site_name":"StotiesHostelis.lt","article_publisher":"https:\/\/www.facebook.com\/stotieshostelis","article_modified_time":"2023-11-10T15:50:10+00:00","og_image":[{"width":2000,"height":1333,"url":"http:\/\/stotieshostelis.lt\/wp-content\/uploads\/2023\/07\/salionas11.jpg","type":"image\/jpeg"}],"twitter_card":"summary_large_image","twitter_misc":{"Est. reading time":"8 minutes"},"schema":{"@context":"https:\/\/schema.org","@graph":[{"@type":"WebPage","@id":"https:\/\/stotieshostelis.lt\/kontaktai\/","url":"https:\/\/stotieshostelis.lt\/kontaktai\/","name":"Kontaktai (2026) StotiesHostelis.lt","isPartOf":{"@id":"https:\/\/stotieshostelis.lt\/#website"},"primaryImageOfPage":{"@id":"https:\/\/stotieshostelis.lt\/kontaktai\/#primaryimage"},"image":{"@id":"https:\/\/stotieshostelis.lt\/kontaktai\/#primaryimage"},"thumbnailUrl":"https:\/\/stotieshostelis.lt\/wp-content\/uploads\/2023\/07\/salionas11.jpg","datePublished":"2020-03-31T13:25:00+00:00","dateModified":"2023-11-10T15:50:10+00:00","description":"Looking for a place to stay for a longer period of time? Or for a larger group? We will make you a personal offer. +370 658 05189, verslas@stotieshostelis.lt.","breadcrumb":{"@id":"https:\/\/stotieshostelis.lt\/kontaktai\/#breadcrumb"},"inLanguage":"en-US","potentialAction":[{"@type":"ReadAction","target":["https:\/\/stotieshostelis.lt\/kontaktai\/"]}]},{"@type":"ImageObject","inLanguage":"en-US","@id":"https:\/\/stotieshostelis.lt\/kontaktai\/#primaryimage","url":"https:\/\/stotieshostelis.lt\/wp-content\/uploads\/2023\/07\/salionas11.jpg","contentUrl":"https:\/\/stotieshostelis.lt\/wp-content\/uploads\/2023\/07\/salionas11.jpg","width":2000,"height":1333,"caption":"Holas"},{"@type":"BreadcrumbList","@id":"https:\/\/stotieshostelis.lt\/kontaktai\/#breadcrumb","itemListElement":[{"@type":"ListItem","position":1,"name":"Home","item":"https:\/\/stotieshostelis.lt\/"},{"@type":"ListItem","position":2,"name":"Kontaktai"}]},{"@type":"WebSite","@id":"https:\/\/stotieshostelis.lt\/#website","url":"https:\/\/stotieshostelis.lt\/","name":"StotiesHostelis.lt","description":"Best price guarantee!","publisher":{"@id":"https:\/\/stotieshostelis.lt\/#organization"},"alternateName":"Stoties Hostelis","potentialAction":[{"@type":"SearchAction","target":{"@type":"EntryPoint","urlTemplate":"https:\/\/stotieshostelis.lt\/?s={search_term_string}"},"query-input":"required name=search_term_string"}],"inLanguage":"en-US"},{"@type":"Organization","@id":"https:\/\/stotieshostelis.lt\/#organization","name":"Station Hostel","url":"https:\/\/stotieshostelis.lt\/","logo":{"@type":"ImageObject","inLanguage":"en-US","@id":"https:\/\/stotieshostelis.lt\/#\/schema\/logo\/image\/","url":"https:\/\/stotieshostelis.lt\/wp-content\/uploads\/2023\/09\/Mainhostel.png","contentUrl":"https:\/\/stotieshostelis.lt\/wp-content\/uploads\/2023\/09\/Mainhostel.png","width":454,"height":243,"caption":"Stoties Hostelis"},"image":{"@id":"https:\/\/stotieshostelis.lt\/#\/schema\/logo\/image\/"},"sameAs":["https:\/\/www.facebook.com\/stotieshostelis","https:\/\/www.instagram.com\/stotieshostelis_\/"]}]}},"_links":{"self":[{"href":"https:\/\/stotieshostelis.lt\/en\/wp-json\/wp\/v2\/pages\/2531","targetHints":{"allow":["GET"]}}],"collection":[{"href":"https:\/\/stotieshostelis.lt\/en\/wp-json\/wp\/v2\/pages"}],"about":[{"href":"https:\/\/stotieshostelis.lt\/en\/wp-json\/wp\/v2\/types\/page"}],"author":[{"embeddable":true,"href":"https:\/\/stotieshostelis.lt\/en\/wp-json\/wp\/v2\/users\/1"}],"replies":[{"embeddable":true,"href":"https:\/\/stotieshostelis.lt\/en\/wp-json\/wp\/v2\/comments?post=2531"}],"version-history":[{"count":51,"href":"https:\/\/stotieshostelis.lt\/en\/wp-json\/wp\/v2\/pages\/2531\/revisions"}],"predecessor-version":[{"id":6473,"href":"https:\/\/stotieshostelis.lt\/en\/wp-json\/wp\/v2\/pages\/2531\/revisions\/6473"}],"wp:featuredmedia":[{"embeddable":true,"href":"https:\/\/stotieshostelis.lt\/en\/wp-json\/wp\/v2\/media\/4852"}],"wp:attachment":[{"href":"https:\/\/stotieshostelis.lt\/en\/wp-json\/wp\/v2\/media?parent=2531"}],"curies":[{"name":"wp","href":"https:\/\/api.w.org\/{rel}","templated":true}]}}