{"id":5141,"date":"2023-08-23T09:03:38","date_gmt":"2023-08-23T09:03:38","guid":{"rendered":"https:\/\/stotieshostelis.lt\/?page_id=5141"},"modified":"2024-01-04T16:52:45","modified_gmt":"2024-01-04T16:52:45","slug":"verslui-2","status":"publish","type":"page","link":"https:\/\/stotieshostelis.lt\/en\/for-business-2\/","title":{"rendered":"For business"},"content":{"rendered":"<div data-elementor-type=\"wp-page\" data-elementor-id=\"5141\" class=\"elementor elementor-5141\">\n\t\t\t\t\t\t<section class=\"elementor-section elementor-top-section elementor-element elementor-element-b83bea4 elementor-section-boxed elementor-section-height-default elementor-section-height-default qodef-elementor-content-no\" data-id=\"b83bea4\" data-element_type=\"section\">\n\t\t\t\t\t\t<div class=\"elementor-container elementor-column-gap-default\">\n\t\t\t\t\t<div class=\"elementor-column elementor-col-100 elementor-top-column elementor-element elementor-element-e54ed65\" data-id=\"e54ed65\" data-element_type=\"column\">\n\t\t\t<div class=\"elementor-widget-wrap elementor-element-populated\">\n\t\t\t\t\t\t<div class=\"elementor-element elementor-element-d7dd3ff elementor-widget__width-initial elementor-widget elementor-widget-text-editor\" data-id=\"d7dd3ff\" data-element_type=\"widget\" data-widget_type=\"text-editor.default\">\n\t\t\t\t<div class=\"elementor-widget-container\">\n\t\t\t\t\t\t\t<h1 style=\"font-size:30px;text-align:center;\"><span style=\"font-weight: 200;\">Accommodation services in Vilnius for business clients<\/span><\/h1>\n<span style=\"font-weight: 400;\">Dear current and future business customers,\u00a0<\/span>\n\n<span style=\"font-weight: 400;\">We hasten to inform you that the new Station Hostel in Vilnius has opened its doors!\n<\/span>\n\n<span style=\"font-weight: 400;\">Our goal is to ensure a comfortable and safe stay for your employees and colleagues from other countries in Vilnius, so we offer our guests a friendly atmosphere, modern amenities and professional service. Our team will take care of your comfort and safety. We speak Lithuanian, Russian, English and Polish. We can accommodate up to 100 guests at a time.<\/span>\n\n<span style=\"font-weight: 400;\">In the hostel you will find clean shared rooms (from four to six beds), 3 double rooms, a shared kitchen, a lounge area and everything you need to relax after a working day. All rooms are spacious and bright, with a cozy interior to make guests feel at home.\u00a0<\/span>\n\n<span style=\"font-weight: 400;\">For business customers, we apply flexible payment terms and provide individual offers for long-term accommodation and contracts. <\/span>\n\n<span style=\"font-weight: 400;\">D\u0117l grupi\u0173 apgyvendinimo kreipkit\u0117s: <\/span>\n\n<span style=\"font-weight: 400;\">verslas@stotieshostelis.lt <\/span>\n\n<span style=\"font-weight: 400;\">tel. +370 658 05189\n<\/span>\n\n<span style=\"font-weight: 400;\">We are - <\/span><b>THE NEW <\/b><span style=\"font-weight: 400;\">\"Stoties Hostel\" is your reliable business partner when you need comfortable accommodation!<\/span>\t\t\t\t\t\t<\/div>\n\t\t\t\t<\/div>\n\t\t\t\t\t<\/div>\n\t\t<\/div>\n\t\t\t\t\t<\/div>\n\t\t<\/section>\n\t\t\t\t<section class=\"elementor-section elementor-top-section elementor-element elementor-element-0397089 elementor-section-boxed elementor-section-height-default elementor-section-height-default qodef-elementor-content-no\" data-id=\"0397089\" data-element_type=\"section\">\n\t\t\t\t\t\t<div class=\"elementor-container elementor-column-gap-default\">\n\t\t\t\t\t<div class=\"elementor-column elementor-col-100 elementor-top-column elementor-element elementor-element-a731a63\" data-id=\"a731a63\" data-element_type=\"column\">\n\t\t\t<div class=\"elementor-widget-wrap elementor-element-populated\">\n\t\t\t\t\t\t<div class=\"elementor-element elementor-element-900cd19 elementor-widget elementor-widget-video\" data-id=\"900cd19\" data-element_type=\"widget\" data-settings=\"{&quot;video_type&quot;:&quot;hosted&quot;,&quot;controls&quot;:&quot;yes&quot;}\" data-widget_type=\"video.default\">\n\t\t\t\t<div class=\"elementor-widget-container\">\n\t\t\t\t\t<div class=\"e-hosted-video elementor-wrapper elementor-open-inline\">\n\t\t\t\t\t<video class=\"elementor-video\" src=\"http:\/\/stotieshostelis.lt\/wp-content\/uploads\/2023\/09\/Stoties-Hostelis-Verslui-LT-VIDEO.mp4\" controls=\"\" preload=\"metadata\" controlslist=\"nodownload\"><\/video>\n\t\t\t\t<\/div>\n\t\t\t\t<\/div>\n\t\t\t\t<\/div>\n\t\t\t\t\t<\/div>\n\t\t<\/div>\n\t\t\t\t\t<\/div>\n\t\t<\/section>\n\t\t\t\t<\/div>","protected":false},"excerpt":{"rendered":"<p>Accommodation services in Vilnius for business clients Dear existing and future business clients, We hasten to inform you that the new Station Hostel in Vilnius has opened its doors! Our goal is to ensure a comfortable and safe stay for your employees and colleagues from other countries in Vilnius, so we offer our guests a friendly atmosphere, modern amenities and professional service. Our team will take care of your comfort and safety. [\u2026]<\/p>","protected":false},"author":2,"featured_media":0,"parent":0,"menu_order":0,"comment_status":"closed","ping_status":"closed","template":"","meta":{"footnotes":""},"class_list":["post-5141","page","type-page","status-publish","hentry"],"yoast_head":"<!-- This site is optimized with the Yoast SEO plugin v22.6 - https:\/\/yoast.com\/wordpress\/plugins\/seo\/ -->\n<title>Apgyvendinimo paslaugos verslo klientams pigiau (2026) StotiesHostelis.lt<\/title>\n<meta name=\"description\" content=\"Apgyvendimo paslaugos Vilniuje J\u016bs\u0173 verslo klientams pigiai, patogiai ir greitai! Kvie\u010diame susisiekti: +370 690 56555E: info@stotieshostelis.lt\" \/>\n<meta name=\"robots\" content=\"index, follow, max-snippet:-1, max-image-preview:large, max-video-preview:-1\" \/>\n<link rel=\"canonical\" href=\"https:\/\/stotieshostelis.lt\/en\/for-business-2\/\" \/>\n<meta property=\"og:locale\" content=\"en_US\" \/>\n<meta property=\"og:type\" content=\"article\" \/>\n<meta property=\"og:title\" content=\"Apgyvendinimo paslaugos verslo klientams pigiau (2026) StotiesHostelis.lt\" \/>\n<meta property=\"og:description\" content=\"Apgyvendimo paslaugos Vilniuje J\u016bs\u0173 verslo klientams pigiai, patogiai ir greitai! Kvie\u010diame susisiekti: +370 690 56555E: info@stotieshostelis.lt\" \/>\n<meta property=\"og:url\" content=\"https:\/\/stotieshostelis.lt\/en\/for-business-2\/\" \/>\n<meta property=\"og:site_name\" content=\"StotiesHostelis.lt\" \/>\n<meta property=\"article:publisher\" content=\"https:\/\/www.facebook.com\/stotieshostelis\" \/>\n<meta property=\"article:modified_time\" content=\"2024-01-04T16:52:45+00:00\" \/>\n<meta property=\"og:image\" content=\"https:\/\/stotieshostelis.lt\/wp-content\/uploads\/2023\/09\/Mainhostel.png\" \/>\n\t<meta property=\"og:image:width\" content=\"454\" \/>\n\t<meta property=\"og:image:height\" content=\"243\" \/>\n\t<meta property=\"og:image:type\" content=\"image\/png\" \/>\n<meta name=\"twitter:card\" content=\"summary_large_image\" \/>\n<meta name=\"twitter:label1\" content=\"Est. reading time\" \/>\n\t<meta name=\"twitter:data1\" content=\"1 minute\" \/>\n<script type=\"application\/ld+json\" class=\"yoast-schema-graph\">{\"@context\":\"https:\/\/schema.org\",\"@graph\":[{\"@type\":\"WebPage\",\"@id\":\"https:\/\/stotieshostelis.lt\/verslui-2\/\",\"url\":\"https:\/\/stotieshostelis.lt\/verslui-2\/\",\"name\":\"Apgyvendinimo paslaugos verslo klientams pigiau (2026) StotiesHostelis.lt\",\"isPartOf\":{\"@id\":\"https:\/\/stotieshostelis.lt\/#website\"},\"datePublished\":\"2023-08-23T09:03:38+00:00\",\"dateModified\":\"2024-01-04T16:52:45+00:00\",\"description\":\"Apgyvendimo paslaugos Vilniuje J\u016bs\u0173 verslo klientams pigiai, patogiai ir greitai! Kvie\u010diame susisiekti: +370 690 56555E: info@stotieshostelis.lt\",\"breadcrumb\":{\"@id\":\"https:\/\/stotieshostelis.lt\/verslui-2\/#breadcrumb\"},\"inLanguage\":\"en-US\",\"potentialAction\":[{\"@type\":\"ReadAction\",\"target\":[\"https:\/\/stotieshostelis.lt\/verslui-2\/\"]}]},{\"@type\":\"BreadcrumbList\",\"@id\":\"https:\/\/stotieshostelis.lt\/verslui-2\/#breadcrumb\",\"itemListElement\":[{\"@type\":\"ListItem\",\"position\":1,\"name\":\"Home\",\"item\":\"https:\/\/stotieshostelis.lt\/\"},{\"@type\":\"ListItem\",\"position\":2,\"name\":\"Verslui\"}]},{\"@type\":\"WebSite\",\"@id\":\"https:\/\/stotieshostelis.lt\/#website\",\"url\":\"https:\/\/stotieshostelis.lt\/\",\"name\":\"StotiesHostelis.lt\",\"description\":\"Geriausios kainos garantas!\",\"publisher\":{\"@id\":\"https:\/\/stotieshostelis.lt\/#organization\"},\"alternateName\":\"Stoties Hostelis\",\"potentialAction\":[{\"@type\":\"SearchAction\",\"target\":{\"@type\":\"EntryPoint\",\"urlTemplate\":\"https:\/\/stotieshostelis.lt\/?s={search_term_string}\"},\"query-input\":\"required name=search_term_string\"}],\"inLanguage\":\"en-US\"},{\"@type\":\"Organization\",\"@id\":\"https:\/\/stotieshostelis.lt\/#organization\",\"name\":\"Stoties Hostelis\",\"url\":\"https:\/\/stotieshostelis.lt\/\",\"logo\":{\"@type\":\"ImageObject\",\"inLanguage\":\"en-US\",\"@id\":\"https:\/\/stotieshostelis.lt\/#\/schema\/logo\/image\/\",\"url\":\"https:\/\/stotieshostelis.lt\/wp-content\/uploads\/2023\/09\/Mainhostel.png\",\"contentUrl\":\"https:\/\/stotieshostelis.lt\/wp-content\/uploads\/2023\/09\/Mainhostel.png\",\"width\":454,\"height\":243,\"caption\":\"Stoties Hostelis\"},\"image\":{\"@id\":\"https:\/\/stotieshostelis.lt\/#\/schema\/logo\/image\/\"},\"sameAs\":[\"https:\/\/www.facebook.com\/stotieshostelis\",\"https:\/\/www.instagram.com\/stotieshostelis_\/\"]}]}<\/script>\n<!-- \/ Yoast SEO plugin. -->","yoast_head_json":{"title":"Apgyvendinimo paslaugos verslo klientams pigiau (2026) StotiesHostelis.lt","description":"Apgyvendimo paslaugos Vilniuje J\u016bs\u0173 verslo klientams pigiai, patogiai ir greitai! Kvie\u010diame susisiekti: +370 690 56555E: info@stotieshostelis.lt","robots":{"index":"index","follow":"follow","max-snippet":"max-snippet:-1","max-image-preview":"max-image-preview:large","max-video-preview":"max-video-preview:-1"},"canonical":"https:\/\/stotieshostelis.lt\/en\/for-business-2\/","og_locale":"en_US","og_type":"article","og_title":"Apgyvendinimo paslaugos verslo klientams pigiau (2026) StotiesHostelis.lt","og_description":"Apgyvendimo paslaugos Vilniuje J\u016bs\u0173 verslo klientams pigiai, patogiai ir greitai! Kvie\u010diame susisiekti: +370 690 56555E: info@stotieshostelis.lt","og_url":"https:\/\/stotieshostelis.lt\/en\/for-business-2\/","og_site_name":"StotiesHostelis.lt","article_publisher":"https:\/\/www.facebook.com\/stotieshostelis","article_modified_time":"2024-01-04T16:52:45+00:00","og_image":[{"width":454,"height":243,"url":"https:\/\/stotieshostelis.lt\/wp-content\/uploads\/2023\/09\/Mainhostel.png","type":"image\/png"}],"twitter_card":"summary_large_image","twitter_misc":{"Est. reading time":"1 minute"},"schema":{"@context":"https:\/\/schema.org","@graph":[{"@type":"WebPage","@id":"https:\/\/stotieshostelis.lt\/verslui-2\/","url":"https:\/\/stotieshostelis.lt\/verslui-2\/","name":"Apgyvendinimo paslaugos verslo klientams pigiau (2026) StotiesHostelis.lt","isPartOf":{"@id":"https:\/\/stotieshostelis.lt\/#website"},"datePublished":"2023-08-23T09:03:38+00:00","dateModified":"2024-01-04T16:52:45+00:00","description":"Apgyvendimo paslaugos Vilniuje J\u016bs\u0173 verslo klientams pigiai, patogiai ir greitai! Kvie\u010diame susisiekti: +370 690 56555E: info@stotieshostelis.lt","breadcrumb":{"@id":"https:\/\/stotieshostelis.lt\/verslui-2\/#breadcrumb"},"inLanguage":"en-US","potentialAction":[{"@type":"ReadAction","target":["https:\/\/stotieshostelis.lt\/verslui-2\/"]}]},{"@type":"BreadcrumbList","@id":"https:\/\/stotieshostelis.lt\/verslui-2\/#breadcrumb","itemListElement":[{"@type":"ListItem","position":1,"name":"Home","item":"https:\/\/stotieshostelis.lt\/"},{"@type":"ListItem","position":2,"name":"Verslui"}]},{"@type":"WebSite","@id":"https:\/\/stotieshostelis.lt\/#website","url":"https:\/\/stotieshostelis.lt\/","name":"StotiesHostelis.lt","description":"Geriausios kainos garantas!","publisher":{"@id":"https:\/\/stotieshostelis.lt\/#organization"},"alternateName":"Stoties Hostelis","potentialAction":[{"@type":"SearchAction","target":{"@type":"EntryPoint","urlTemplate":"https:\/\/stotieshostelis.lt\/?s={search_term_string}"},"query-input":"required name=search_term_string"}],"inLanguage":"en-US"},{"@type":"Organization","@id":"https:\/\/stotieshostelis.lt\/#organization","name":"Stoties Hostelis","url":"https:\/\/stotieshostelis.lt\/","logo":{"@type":"ImageObject","inLanguage":"en-US","@id":"https:\/\/stotieshostelis.lt\/#\/schema\/logo\/image\/","url":"https:\/\/stotieshostelis.lt\/wp-content\/uploads\/2023\/09\/Mainhostel.png","contentUrl":"https:\/\/stotieshostelis.lt\/wp-content\/uploads\/2023\/09\/Mainhostel.png","width":454,"height":243,"caption":"Stoties Hostelis"},"image":{"@id":"https:\/\/stotieshostelis.lt\/#\/schema\/logo\/image\/"},"sameAs":["https:\/\/www.facebook.com\/stotieshostelis","https:\/\/www.instagram.com\/stotieshostelis_\/"]}]}},"_links":{"self":[{"href":"https:\/\/stotieshostelis.lt\/en\/wp-json\/wp\/v2\/pages\/5141","targetHints":{"allow":["GET"]}}],"collection":[{"href":"https:\/\/stotieshostelis.lt\/en\/wp-json\/wp\/v2\/pages"}],"about":[{"href":"https:\/\/stotieshostelis.lt\/en\/wp-json\/wp\/v2\/types\/page"}],"author":[{"embeddable":true,"href":"https:\/\/stotieshostelis.lt\/en\/wp-json\/wp\/v2\/users\/2"}],"replies":[{"embeddable":true,"href":"https:\/\/stotieshostelis.lt\/en\/wp-json\/wp\/v2\/comments?post=5141"}],"version-history":[{"count":57,"href":"https:\/\/stotieshostelis.lt\/en\/wp-json\/wp\/v2\/pages\/5141\/revisions"}],"predecessor-version":[{"id":6567,"href":"https:\/\/stotieshostelis.lt\/en\/wp-json\/wp\/v2\/pages\/5141\/revisions\/6567"}],"wp:attachment":[{"href":"https:\/\/stotieshostelis.lt\/en\/wp-json\/wp\/v2\/media?parent=5141"}],"curies":[{"name":"wp","href":"https:\/\/api.w.org\/{rel}","templated":true}]}}