{"id":5455,"date":"2023-10-04T06:20:56","date_gmt":"2023-10-04T06:20:56","guid":{"rendered":"https:\/\/stotieshostelis.lt\/?page_id=5455"},"modified":"2024-01-02T12:58:10","modified_gmt":"2024-01-02T12:58:10","slug":"terminai-ir-salygos","status":"publish","type":"page","link":"https:\/\/stotieshostelis.lt\/en\/terms-and-conditions\/","title":{"rendered":"Terms and conditions of stay"},"content":{"rendered":"<div data-elementor-type=\"wp-page\" data-elementor-id=\"5455\" class=\"elementor elementor-5455\">\n\t\t\t\t\t\t<section class=\"elementor-section elementor-top-section elementor-element elementor-element-79edce88 elementor-section-boxed elementor-section-height-default elementor-section-height-default qodef-elementor-content-no\" data-id=\"79edce88\" data-element_type=\"section\" data-e-type=\"section\">\n\t\t\t\t\t\t<div class=\"elementor-container elementor-column-gap-default\">\n\t\t\t\t\t<div class=\"elementor-column elementor-col-100 elementor-top-column elementor-element elementor-element-32665e72\" data-id=\"32665e72\" data-element_type=\"column\" data-e-type=\"column\">\n\t\t\t<div class=\"elementor-widget-wrap elementor-element-populated\">\n\t\t\t\t\t\t<div class=\"elementor-element elementor-element-56c3eff6 elementor-widget__width-initial elementor-widget elementor-widget-text-editor\" data-id=\"56c3eff6\" data-element_type=\"widget\" data-e-type=\"widget\" data-widget_type=\"text-editor.default\">\n\t\t\t\t<div class=\"elementor-widget-container\">\n\t\t\t\t\t\t\t\t\t<p><\/p>\n<h4 class=\"wp-block-heading\">Guest arrival\/departure times<\/h4>\n<p><\/p>\n<p>The guest(s) can check in from 14:00 to 22:00 on the day of arrival specified in the reservation. Late or earlier arrivals must be notified in advance.<\/p>\n<p>Guests arriving before 14:00 can leave their luggage in the storage room.<\/p>\n<p>The guest(s) must on the day of departure <strong>leave the hostel before 11:00 a.m.<\/strong><\/p>\n<p>If the guest wishes to leave later than 11:00 a.m., we will ask you to inform the administrator about this. In case of late departure, a fee of EUR 10 is applied.<\/p>\n<p>Please adhere to established check-in and check-out times to ensure smooth check-in and check-out of guests.<\/p>\n<p><\/p>\n<h4 class=\"wp-block-heading\">Rules for child safety and responsibility:<\/h4>\n<p><\/p>\n<p>Parents or other persons accompanying (guarding) children are responsible for the behavior and safety of children in the hostel. If the losses in the hotel were caused by the actions of minors, the children&#039;s parents or guardians must compensate for them.<\/p>\n<p><\/p>\n<h4>Rules for accompanying pets<\/h4>\n<p><\/p>\n<p>We accept guests with pets only in a double room. The hotel charges an additional 15 EUR for each animal brought to the hostel by the guest. fee. The owner of the animal is responsible for the behavior of the animal. The owner of the animal also undertakes to fully compensate the damage caused by the animal to the hotel.<\/p>\n<p><\/p>\n<h4 class=\"wp-block-heading\">Cancellation policy<\/h4>\n<p><\/p>\n<p>We understand that our guests&#039; plans may change, so we do not charge a cancellation fee.<\/p><p>All refunds will be made within 5 working days of the cancellation date.<\/p>\n<p><\/p>\t\t\t\t\t\t\t\t<\/div>\n\t\t\t\t<\/div>\n\t\t\t\t\t<\/div>\n\t\t<\/div>\n\t\t\t\t\t<\/div>\n\t\t<\/section>\n\t\t\t\t<\/div>","protected":false},"excerpt":{"rendered":"<p>Sve\u010di\u0173 atvykimo \/ i\u0161vykimo laikai Sve\u010dias(-iai), rezervacijoje nurodyt\u0105 atvykimo dien\u0105, gali&nbsp;i registruotis nuo 14:00 iki 22:00. V\u0117lesni ar ankstesni atvykimai turi b\u016bti prane\u0161ti i\u0161 anksto. Sve\u010diai, kurie atvyksta anks\u010diau nei 14:00, gali palikti savo baga\u017e\u0105 saugykloje. Sve\u010dias(-iai) i\u0161vykimo dien\u0105 turi i\u0161vykti i\u0161 hostelio iki 11:00 val. Jei sve\u010dias pageidauja i\u0161vykti v\u0117liau nei 11:00 val., pra\u0161ysime&nbsp; [&hellip;]<\/p>\n","protected":false},"author":1,"featured_media":0,"parent":0,"menu_order":0,"comment_status":"closed","ping_status":"closed","template":"","meta":{"footnotes":""},"class_list":["post-5455","page","type-page","status-publish","hentry"],"yoast_head":"<!-- This site is optimized with the Yoast SEO plugin v22.6 - https:\/\/yoast.com\/wordpress\/plugins\/seo\/ -->\n<title>Vie\u0161nag\u0117s taisykl\u0117s ir s\u0105lygos (2026) StotiesHostelis.lt<\/title>\n<meta name=\"description\" content=\"Sve\u010dias(-iai) rezervacijoje nurodyt\u0105 atvykimo dien\u0105 gali atvykti \u012f hostel\u012f vis\u0105 par\u0105. Sve\u010dias(-iai) i\u0161vykimo dien\u0105 turi i\u0161siregistruoti i\u0161 hostelio iki 12:00 val.\" \/>\n<meta name=\"robots\" content=\"index, follow, max-snippet:-1, max-image-preview:large, max-video-preview:-1\" \/>\n<link rel=\"canonical\" href=\"https:\/\/stotieshostelis.lt\/en\/terms-and-conditions\/\" \/>\n<meta property=\"og:locale\" content=\"en_US\" \/>\n<meta property=\"og:type\" content=\"article\" \/>\n<meta property=\"og:title\" content=\"Vie\u0161nag\u0117s taisykl\u0117s ir s\u0105lygos (2026) StotiesHostelis.lt\" \/>\n<meta property=\"og:description\" content=\"Sve\u010dias(-iai) rezervacijoje nurodyt\u0105 atvykimo dien\u0105 gali atvykti \u012f hostel\u012f vis\u0105 par\u0105. Sve\u010dias(-iai) i\u0161vykimo dien\u0105 turi i\u0161siregistruoti i\u0161 hostelio iki 12:00 val.\" \/>\n<meta property=\"og:url\" content=\"https:\/\/stotieshostelis.lt\/en\/terms-and-conditions\/\" \/>\n<meta property=\"og:site_name\" content=\"StotiesHostelis.lt\" \/>\n<meta property=\"article:publisher\" content=\"https:\/\/www.facebook.com\/stotieshostelis\" \/>\n<meta property=\"article:modified_time\" content=\"2024-01-02T12:58:10+00:00\" \/>\n<meta property=\"og:image\" content=\"https:\/\/stotieshostelis.lt\/wp-content\/uploads\/2023\/09\/Mainhostel.png\" \/>\n\t<meta property=\"og:image:width\" content=\"454\" \/>\n\t<meta property=\"og:image:height\" content=\"243\" \/>\n\t<meta property=\"og:image:type\" content=\"image\/png\" \/>\n<meta name=\"twitter:card\" content=\"summary_large_image\" \/>\n<meta name=\"twitter:label1\" content=\"Est. reading time\" \/>\n\t<meta name=\"twitter:data1\" content=\"2 minutes\" \/>\n<script type=\"application\/ld+json\" class=\"yoast-schema-graph\">{\"@context\":\"https:\/\/schema.org\",\"@graph\":[{\"@type\":\"WebPage\",\"@id\":\"https:\/\/stotieshostelis.lt\/terminai-ir-salygos\/\",\"url\":\"https:\/\/stotieshostelis.lt\/terminai-ir-salygos\/\",\"name\":\"Vie\u0161nag\u0117s taisykl\u0117s ir s\u0105lygos (2026) StotiesHostelis.lt\",\"isPartOf\":{\"@id\":\"https:\/\/stotieshostelis.lt\/#website\"},\"datePublished\":\"2023-10-04T06:20:56+00:00\",\"dateModified\":\"2024-01-02T12:58:10+00:00\",\"description\":\"Sve\u010dias(-iai) rezervacijoje nurodyt\u0105 atvykimo dien\u0105 gali atvykti \u012f hostel\u012f vis\u0105 par\u0105. Sve\u010dias(-iai) i\u0161vykimo dien\u0105 turi i\u0161siregistruoti i\u0161 hostelio iki 12:00 val.\",\"breadcrumb\":{\"@id\":\"https:\/\/stotieshostelis.lt\/terminai-ir-salygos\/#breadcrumb\"},\"inLanguage\":\"en-US\",\"potentialAction\":[{\"@type\":\"ReadAction\",\"target\":[\"https:\/\/stotieshostelis.lt\/terminai-ir-salygos\/\"]}]},{\"@type\":\"BreadcrumbList\",\"@id\":\"https:\/\/stotieshostelis.lt\/terminai-ir-salygos\/#breadcrumb\",\"itemListElement\":[{\"@type\":\"ListItem\",\"position\":1,\"name\":\"Home\",\"item\":\"https:\/\/stotieshostelis.lt\/\"},{\"@type\":\"ListItem\",\"position\":2,\"name\":\"Vie\u0161nag\u0117s taisykl\u0117s ir s\u0105lygos\"}]},{\"@type\":\"WebSite\",\"@id\":\"https:\/\/stotieshostelis.lt\/#website\",\"url\":\"https:\/\/stotieshostelis.lt\/\",\"name\":\"StotiesHostelis.lt\",\"description\":\"Geriausios kainos garantas!\",\"publisher\":{\"@id\":\"https:\/\/stotieshostelis.lt\/#organization\"},\"alternateName\":\"Stoties Hostelis\",\"potentialAction\":[{\"@type\":\"SearchAction\",\"target\":{\"@type\":\"EntryPoint\",\"urlTemplate\":\"https:\/\/stotieshostelis.lt\/?s={search_term_string}\"},\"query-input\":\"required name=search_term_string\"}],\"inLanguage\":\"en-US\"},{\"@type\":\"Organization\",\"@id\":\"https:\/\/stotieshostelis.lt\/#organization\",\"name\":\"Stoties Hostelis\",\"url\":\"https:\/\/stotieshostelis.lt\/\",\"logo\":{\"@type\":\"ImageObject\",\"inLanguage\":\"en-US\",\"@id\":\"https:\/\/stotieshostelis.lt\/#\/schema\/logo\/image\/\",\"url\":\"https:\/\/stotieshostelis.lt\/wp-content\/uploads\/2023\/09\/Mainhostel.png\",\"contentUrl\":\"https:\/\/stotieshostelis.lt\/wp-content\/uploads\/2023\/09\/Mainhostel.png\",\"width\":454,\"height\":243,\"caption\":\"Stoties Hostelis\"},\"image\":{\"@id\":\"https:\/\/stotieshostelis.lt\/#\/schema\/logo\/image\/\"},\"sameAs\":[\"https:\/\/www.facebook.com\/stotieshostelis\",\"https:\/\/www.instagram.com\/stotieshostelis_\/\"]}]}<\/script>\n<!-- \/ Yoast SEO plugin. -->","yoast_head_json":{"title":"Vie\u0161nag\u0117s taisykl\u0117s ir s\u0105lygos (2026) StotiesHostelis.lt","description":"The guest(s) can come to the hostel 24\/7 on the day of arrival specified in the reservation. The guest(s) must check out of the hostel by 12:00 on the day of departure.","robots":{"index":"index","follow":"follow","max-snippet":"max-snippet:-1","max-image-preview":"max-image-preview:large","max-video-preview":"max-video-preview:-1"},"canonical":"https:\/\/stotieshostelis.lt\/en\/terms-and-conditions\/","og_locale":"en_US","og_type":"article","og_title":"Vie\u0161nag\u0117s taisykl\u0117s ir s\u0105lygos (2026) StotiesHostelis.lt","og_description":"Sve\u010dias(-iai) rezervacijoje nurodyt\u0105 atvykimo dien\u0105 gali atvykti \u012f hostel\u012f vis\u0105 par\u0105. Sve\u010dias(-iai) i\u0161vykimo dien\u0105 turi i\u0161siregistruoti i\u0161 hostelio iki 12:00 val.","og_url":"https:\/\/stotieshostelis.lt\/en\/terms-and-conditions\/","og_site_name":"StotiesHostelis.lt","article_publisher":"https:\/\/www.facebook.com\/stotieshostelis","article_modified_time":"2024-01-02T12:58:10+00:00","og_image":[{"width":454,"height":243,"url":"https:\/\/stotieshostelis.lt\/wp-content\/uploads\/2023\/09\/Mainhostel.png","type":"image\/png"}],"twitter_card":"summary_large_image","twitter_misc":{"Est. reading time":"2 minutes"},"schema":{"@context":"https:\/\/schema.org","@graph":[{"@type":"WebPage","@id":"https:\/\/stotieshostelis.lt\/terminai-ir-salygos\/","url":"https:\/\/stotieshostelis.lt\/terminai-ir-salygos\/","name":"Vie\u0161nag\u0117s taisykl\u0117s ir s\u0105lygos (2026) StotiesHostelis.lt","isPartOf":{"@id":"https:\/\/stotieshostelis.lt\/#website"},"datePublished":"2023-10-04T06:20:56+00:00","dateModified":"2024-01-02T12:58:10+00:00","description":"The guest(s) can come to the hostel 24\/7 on the day of arrival specified in the reservation. The guest(s) must check out of the hostel by 12:00 on the day of departure.","breadcrumb":{"@id":"https:\/\/stotieshostelis.lt\/terminai-ir-salygos\/#breadcrumb"},"inLanguage":"en-US","potentialAction":[{"@type":"ReadAction","target":["https:\/\/stotieshostelis.lt\/terminai-ir-salygos\/"]}]},{"@type":"BreadcrumbList","@id":"https:\/\/stotieshostelis.lt\/terminai-ir-salygos\/#breadcrumb","itemListElement":[{"@type":"ListItem","position":1,"name":"Home","item":"https:\/\/stotieshostelis.lt\/"},{"@type":"ListItem","position":2,"name":"Vie\u0161nag\u0117s taisykl\u0117s ir s\u0105lygos"}]},{"@type":"WebSite","@id":"https:\/\/stotieshostelis.lt\/#website","url":"https:\/\/stotieshostelis.lt\/","name":"StotiesHostelis.lt","description":"Best price guarantee!","publisher":{"@id":"https:\/\/stotieshostelis.lt\/#organization"},"alternateName":"Stoties Hostelis","potentialAction":[{"@type":"SearchAction","target":{"@type":"EntryPoint","urlTemplate":"https:\/\/stotieshostelis.lt\/?s={search_term_string}"},"query-input":"required name=search_term_string"}],"inLanguage":"en-US"},{"@type":"Organization","@id":"https:\/\/stotieshostelis.lt\/#organization","name":"Station Hostel","url":"https:\/\/stotieshostelis.lt\/","logo":{"@type":"ImageObject","inLanguage":"en-US","@id":"https:\/\/stotieshostelis.lt\/#\/schema\/logo\/image\/","url":"https:\/\/stotieshostelis.lt\/wp-content\/uploads\/2023\/09\/Mainhostel.png","contentUrl":"https:\/\/stotieshostelis.lt\/wp-content\/uploads\/2023\/09\/Mainhostel.png","width":454,"height":243,"caption":"Stoties Hostelis"},"image":{"@id":"https:\/\/stotieshostelis.lt\/#\/schema\/logo\/image\/"},"sameAs":["https:\/\/www.facebook.com\/stotieshostelis","https:\/\/www.instagram.com\/stotieshostelis_\/"]}]}},"_links":{"self":[{"href":"https:\/\/stotieshostelis.lt\/en\/wp-json\/wp\/v2\/pages\/5455","targetHints":{"allow":["GET"]}}],"collection":[{"href":"https:\/\/stotieshostelis.lt\/en\/wp-json\/wp\/v2\/pages"}],"about":[{"href":"https:\/\/stotieshostelis.lt\/en\/wp-json\/wp\/v2\/types\/page"}],"author":[{"embeddable":true,"href":"https:\/\/stotieshostelis.lt\/en\/wp-json\/wp\/v2\/users\/1"}],"replies":[{"embeddable":true,"href":"https:\/\/stotieshostelis.lt\/en\/wp-json\/wp\/v2\/comments?post=5455"}],"version-history":[{"count":20,"href":"https:\/\/stotieshostelis.lt\/en\/wp-json\/wp\/v2\/pages\/5455\/revisions"}],"predecessor-version":[{"id":6551,"href":"https:\/\/stotieshostelis.lt\/en\/wp-json\/wp\/v2\/pages\/5455\/revisions\/6551"}],"wp:attachment":[{"href":"https:\/\/stotieshostelis.lt\/en\/wp-json\/wp\/v2\/media?parent=5455"}],"curies":[{"name":"wp","href":"https:\/\/api.w.org\/{rel}","templated":true}]}}