{"id":12,"date":"2023-07-14T07:32:49","date_gmt":"2023-07-14T07:32:49","guid":{"rendered":"https:\/\/stotieshostelis.lt\/?page_id=12"},"modified":"2023-10-24T00:03:29","modified_gmt":"2023-10-24T00:03:29","slug":"krepselis","status":"publish","type":"page","link":"https:\/\/stotieshostelis.lt\/ru\/\u043a\u043e\u0440\u0437\u0438\u043d\u0430\/","title":{"rendered":"\u041f\u0440\u043e\u0441\u043c\u043e\u0442\u0440 \u043a\u043e\u0440\u0437\u0438\u043d\u044b"},"content":{"rendered":"<div class=\"woocommerce\"><div class=\"woocommerce-notices-wrapper\"><\/div><div class=\"wc-empty-cart-message\">\n\t<div class=\"cart-empty woocommerce-info\">\n\t\t\u0412\u0430\u0448\u0430 \u043a\u043e\u0440\u0437\u0438\u043d\u0430 \u043f\u043e\u043a\u0430 \u043f\u0443\u0441\u0442\u0430.\t<\/div>\n<\/div>\t<p class=\"return-to-shop\">\n\t\t<a class=\"button wc-backward\" href=\"https:\/\/stotieshostelis.lt\/ru\/kambarys\/\">\n\t\t\t\u0412\u0435\u0440\u043d\u0443\u0442\u044c\u0441\u044f \u0432 \u043c\u0430\u0433\u0430\u0437\u0438\u043d\t\t<\/a>\n\t<\/p>\n<\/div>","protected":false},"excerpt":{"rendered":"","protected":false},"author":1,"featured_media":0,"parent":0,"menu_order":0,"comment_status":"closed","ping_status":"closed","template":"","meta":{"footnotes":""},"class_list":["post-12","page","type-page","status-publish","hentry"],"yoast_head":"<!-- This site is optimized with the Yoast SEO plugin v22.6 - https:\/\/yoast.com\/wordpress\/plugins\/seo\/ -->\n<title>Krep\u0161elio per\u017ei\u016bra - StotiesHostelis.lt<\/title>\n<meta name=\"robots\" content=\"index, follow, max-snippet:-1, max-image-preview:large, max-video-preview:-1\" \/>\n<link rel=\"canonical\" href=\"https:\/\/stotieshostelis.lt\/ru\/\u043a\u043e\u0440\u0437\u0438\u043d\u0430\/\" \/>\n<meta property=\"og:locale\" content=\"ru_RU\" \/>\n<meta property=\"og:type\" content=\"article\" \/>\n<meta property=\"og:title\" content=\"Krep\u0161elio per\u017ei\u016bra - StotiesHostelis.lt\" \/>\n<meta property=\"og:url\" content=\"https:\/\/stotieshostelis.lt\/ru\/\u043a\u043e\u0440\u0437\u0438\u043d\u0430\/\" \/>\n<meta property=\"og:site_name\" content=\"StotiesHostelis.lt\" \/>\n<meta property=\"article:publisher\" content=\"https:\/\/www.facebook.com\/stotieshostelis\" \/>\n<meta property=\"article:modified_time\" content=\"2023-10-24T00:03:29+00:00\" \/>\n<meta property=\"og:image\" content=\"https:\/\/stotieshostelis.lt\/wp-content\/uploads\/2023\/09\/Mainhostel.png\" \/>\n\t<meta property=\"og:image:width\" content=\"454\" \/>\n\t<meta property=\"og:image:height\" content=\"243\" \/>\n\t<meta property=\"og:image:type\" content=\"image\/png\" \/>\n<meta name=\"twitter:card\" content=\"summary_large_image\" \/>\n<meta name=\"twitter:label1\" content=\"\u041f\u0440\u0438\u043c\u0435\u0440\u043d\u043e\u0435 \u0432\u0440\u0435\u043c\u044f \u0434\u043b\u044f \u0447\u0442\u0435\u043d\u0438\u044f\" \/>\n\t<meta name=\"twitter:data1\" content=\"1 \u043c\u0438\u043d\u0443\u0442\u0430\" \/>\n<script type=\"application\/ld+json\" class=\"yoast-schema-graph\">{\"@context\":\"https:\/\/schema.org\",\"@graph\":[{\"@type\":\"WebPage\",\"@id\":\"https:\/\/stotieshostelis.lt\/krepselis\/\",\"url\":\"https:\/\/stotieshostelis.lt\/krepselis\/\",\"name\":\"Krep\u0161elio per\u017ei\u016bra - StotiesHostelis.lt\",\"isPartOf\":{\"@id\":\"https:\/\/stotieshostelis.lt\/#website\"},\"datePublished\":\"2023-07-14T07:32:49+00:00\",\"dateModified\":\"2023-10-24T00:03:29+00:00\",\"breadcrumb\":{\"@id\":\"https:\/\/stotieshostelis.lt\/krepselis\/#breadcrumb\"},\"inLanguage\":\"ru-RU\",\"potentialAction\":[{\"@type\":\"ReadAction\",\"target\":[\"https:\/\/stotieshostelis.lt\/krepselis\/\"]}]},{\"@type\":\"BreadcrumbList\",\"@id\":\"https:\/\/stotieshostelis.lt\/krepselis\/#breadcrumb\",\"itemListElement\":[{\"@type\":\"ListItem\",\"position\":1,\"name\":\"Home\",\"item\":\"https:\/\/stotieshostelis.lt\/\"},{\"@type\":\"ListItem\",\"position\":2,\"name\":\"Krep\u0161elio per\u017ei\u016bra\"}]},{\"@type\":\"WebSite\",\"@id\":\"https:\/\/stotieshostelis.lt\/#website\",\"url\":\"https:\/\/stotieshostelis.lt\/\",\"name\":\"StotiesHostelis.lt\",\"description\":\"Geriausios kainos garantas!\",\"publisher\":{\"@id\":\"https:\/\/stotieshostelis.lt\/#organization\"},\"alternateName\":\"Stoties Hostelis\",\"potentialAction\":[{\"@type\":\"SearchAction\",\"target\":{\"@type\":\"EntryPoint\",\"urlTemplate\":\"https:\/\/stotieshostelis.lt\/?s={search_term_string}\"},\"query-input\":\"required name=search_term_string\"}],\"inLanguage\":\"ru-RU\"},{\"@type\":\"Organization\",\"@id\":\"https:\/\/stotieshostelis.lt\/#organization\",\"name\":\"Stoties Hostelis\",\"url\":\"https:\/\/stotieshostelis.lt\/\",\"logo\":{\"@type\":\"ImageObject\",\"inLanguage\":\"ru-RU\",\"@id\":\"https:\/\/stotieshostelis.lt\/#\/schema\/logo\/image\/\",\"url\":\"https:\/\/stotieshostelis.lt\/wp-content\/uploads\/2023\/09\/Mainhostel.png\",\"contentUrl\":\"https:\/\/stotieshostelis.lt\/wp-content\/uploads\/2023\/09\/Mainhostel.png\",\"width\":454,\"height\":243,\"caption\":\"Stoties Hostelis\"},\"image\":{\"@id\":\"https:\/\/stotieshostelis.lt\/#\/schema\/logo\/image\/\"},\"sameAs\":[\"https:\/\/www.facebook.com\/stotieshostelis\",\"https:\/\/www.instagram.com\/stotieshostelis_\/\"]}]}<\/script>\n<!-- \/ Yoast SEO plugin. -->","yoast_head_json":{"title":"Krep\u0161elio per\u017ei\u016bra - StotiesHostelis.lt","robots":{"index":"index","follow":"follow","max-snippet":"max-snippet:-1","max-image-preview":"max-image-preview:large","max-video-preview":"max-video-preview:-1"},"canonical":"https:\/\/stotieshostelis.lt\/ru\/\u043a\u043e\u0440\u0437\u0438\u043d\u0430\/","og_locale":"ru_RU","og_type":"article","og_title":"Krep\u0161elio per\u017ei\u016bra - StotiesHostelis.lt","og_url":"https:\/\/stotieshostelis.lt\/ru\/\u043a\u043e\u0440\u0437\u0438\u043d\u0430\/","og_site_name":"StotiesHostelis.lt","article_publisher":"https:\/\/www.facebook.com\/stotieshostelis","article_modified_time":"2023-10-24T00:03:29+00:00","og_image":[{"width":454,"height":243,"url":"https:\/\/stotieshostelis.lt\/wp-content\/uploads\/2023\/09\/Mainhostel.png","type":"image\/png"}],"twitter_card":"summary_large_image","twitter_misc":{"\u041f\u0440\u0438\u043c\u0435\u0440\u043d\u043e\u0435 \u0432\u0440\u0435\u043c\u044f \u0434\u043b\u044f \u0447\u0442\u0435\u043d\u0438\u044f":"1 \u043c\u0438\u043d\u0443\u0442\u0430"},"schema":{"@context":"https:\/\/schema.org","@graph":[{"@type":"WebPage","@id":"https:\/\/stotieshostelis.lt\/krepselis\/","url":"https:\/\/stotieshostelis.lt\/krepselis\/","name":"Krep\u0161elio per\u017ei\u016bra - StotiesHostelis.lt","isPartOf":{"@id":"https:\/\/stotieshostelis.lt\/#website"},"datePublished":"2023-07-14T07:32:49+00:00","dateModified":"2023-10-24T00:03:29+00:00","breadcrumb":{"@id":"https:\/\/stotieshostelis.lt\/krepselis\/#breadcrumb"},"inLanguage":"ru-RU","potentialAction":[{"@type":"ReadAction","target":["https:\/\/stotieshostelis.lt\/krepselis\/"]}]},{"@type":"BreadcrumbList","@id":"https:\/\/stotieshostelis.lt\/krepselis\/#breadcrumb","itemListElement":[{"@type":"ListItem","position":1,"name":"Home","item":"https:\/\/stotieshostelis.lt\/"},{"@type":"ListItem","position":2,"name":"Krep\u0161elio per\u017ei\u016bra"}]},{"@type":"WebSite","@id":"https:\/\/stotieshostelis.lt\/#website","url":"https:\/\/stotieshostelis.lt\/","name":"StotiesHostelis.lt","description":"Geriausios kainos garantas!","publisher":{"@id":"https:\/\/stotieshostelis.lt\/#organization"},"alternateName":"Stoties Hostelis","potentialAction":[{"@type":"SearchAction","target":{"@type":"EntryPoint","urlTemplate":"https:\/\/stotieshostelis.lt\/?s={search_term_string}"},"query-input":"required name=search_term_string"}],"inLanguage":"ru-RU"},{"@type":"Organization","@id":"https:\/\/stotieshostelis.lt\/#organization","name":"Stoties Hostelis","url":"https:\/\/stotieshostelis.lt\/","logo":{"@type":"ImageObject","inLanguage":"ru-RU","@id":"https:\/\/stotieshostelis.lt\/#\/schema\/logo\/image\/","url":"https:\/\/stotieshostelis.lt\/wp-content\/uploads\/2023\/09\/Mainhostel.png","contentUrl":"https:\/\/stotieshostelis.lt\/wp-content\/uploads\/2023\/09\/Mainhostel.png","width":454,"height":243,"caption":"Stoties Hostelis"},"image":{"@id":"https:\/\/stotieshostelis.lt\/#\/schema\/logo\/image\/"},"sameAs":["https:\/\/www.facebook.com\/stotieshostelis","https:\/\/www.instagram.com\/stotieshostelis_\/"]}]}},"_links":{"self":[{"href":"https:\/\/stotieshostelis.lt\/ru\/wp-json\/wp\/v2\/pages\/12","targetHints":{"allow":["GET"]}}],"collection":[{"href":"https:\/\/stotieshostelis.lt\/ru\/wp-json\/wp\/v2\/pages"}],"about":[{"href":"https:\/\/stotieshostelis.lt\/ru\/wp-json\/wp\/v2\/types\/page"}],"author":[{"embeddable":true,"href":"https:\/\/stotieshostelis.lt\/ru\/wp-json\/wp\/v2\/users\/1"}],"replies":[{"embeddable":true,"href":"https:\/\/stotieshostelis.lt\/ru\/wp-json\/wp\/v2\/comments?post=12"}],"version-history":[{"count":3,"href":"https:\/\/stotieshostelis.lt\/ru\/wp-json\/wp\/v2\/pages\/12\/revisions"}],"predecessor-version":[{"id":6404,"href":"https:\/\/stotieshostelis.lt\/ru\/wp-json\/wp\/v2\/pages\/12\/revisions\/6404"}],"wp:attachment":[{"href":"https:\/\/stotieshostelis.lt\/ru\/wp-json\/wp\/v2\/media?parent=12"}],"curies":[{"name":"wp","href":"https:\/\/api.w.org\/{rel}","templated":true}]}}