{"id":5141,"date":"2023-08-23T09:03:38","date_gmt":"2023-08-23T09:03:38","guid":{"rendered":"https:\/\/stotieshostelis.lt\/?page_id=5141"},"modified":"2024-01-04T16:52:45","modified_gmt":"2024-01-04T16:52:45","slug":"verslui-2","status":"publish","type":"page","link":"https:\/\/stotieshostelis.lt\/ru\/\u0434\u043b\u044f-\u0431\u0438\u0437\u043d\u0435\u0441\u0430-2\/","title":{"rendered":"\u0414\u043b\u044f \u0431\u0438\u0437\u043d\u0435\u0441\u0430"},"content":{"rendered":"<div data-elementor-type=\"wp-page\" data-elementor-id=\"5141\" class=\"elementor elementor-5141\">\n\t\t\t\t\t\t<section class=\"elementor-section elementor-top-section elementor-element elementor-element-b83bea4 elementor-section-boxed elementor-section-height-default elementor-section-height-default qodef-elementor-content-no\" data-id=\"b83bea4\" data-element_type=\"section\" data-e-type=\"section\">\n\t\t\t\t\t\t<div class=\"elementor-container elementor-column-gap-default\">\n\t\t\t\t\t<div class=\"elementor-column elementor-col-100 elementor-top-column elementor-element elementor-element-e54ed65\" data-id=\"e54ed65\" data-element_type=\"column\" data-e-type=\"column\">\n\t\t\t<div class=\"elementor-widget-wrap elementor-element-populated\">\n\t\t\t\t\t\t<div class=\"elementor-element elementor-element-d7dd3ff elementor-widget__width-initial elementor-widget elementor-widget-text-editor\" data-id=\"d7dd3ff\" data-element_type=\"widget\" data-e-type=\"widget\" data-widget_type=\"text-editor.default\">\n\t\t\t\t<div class=\"elementor-widget-container\">\n\t\t\t\t\t\t\t\t\t<h1 style=\"font-size:30px;text-align:center;\"><span style=\"font-weight: 200;\">\u0423\u0441\u043b\u0443\u0433\u0438 \u043f\u043e \u0440\u0430\u0437\u043c\u0435\u0449\u0435\u043d\u0438\u044e \u0432 \u0412\u0438\u043b\u044c\u043d\u044e\u0441\u0435 \u0434\u043b\u044f \u0431\u0438\u0437\u043d\u0435\u0441-\u043a\u043b\u0438\u0435\u043d\u0442\u043e\u0432<\/span><\/h1>\n<span style=\"font-weight: 400;\">\u0423\u0432\u0430\u0436\u0430\u0435\u043c\u044b\u0435 \u043d\u044b\u043d\u0435\u0448\u043d\u0438\u0435 \u0438 \u0431\u0443\u0434\u0443\u0449\u0438\u0435 \u0431\u0438\u0437\u043d\u0435\u0441-\u043a\u043b\u0438\u0435\u043d\u0442\u044b,\u00a0<\/span>\n\n<span style=\"font-weight: 400;\">\u0421\u043f\u0435\u0448\u0438\u043c \u0441\u043e\u043e\u0431\u0449\u0438\u0442\u044c \u0412\u0430\u043c, \u0447\u0442\u043e \u043d\u043e\u0432\u044b\u0439 \u0445\u043e\u0441\u0442\u0435\u043b Station \u0432 \u0412\u0438\u043b\u044c\u043d\u044e\u0441\u0435 \u043e\u0442\u043a\u0440\u044b\u043b \u0441\u0432\u043e\u0438 \u0434\u0432\u0435\u0440\u0438!\n<\/span>\n\n<span style=\"font-weight: 400;\">\u041d\u0430\u0448\u0430 \u0446\u0435\u043b\u044c \u2013 \u043e\u0431\u0435\u0441\u043f\u0435\u0447\u0438\u0442\u044c \u043a\u043e\u043c\u0444\u043e\u0440\u0442\u043d\u043e\u0435 \u0438 \u0431\u0435\u0437\u043e\u043f\u0430\u0441\u043d\u043e\u0435 \u043f\u0440\u0435\u0431\u044b\u0432\u0430\u043d\u0438\u0435 \u0432\u0430\u0448\u0438\u0445 \u0441\u043e\u0442\u0440\u0443\u0434\u043d\u0438\u043a\u043e\u0432 \u0438 \u043a\u043e\u043b\u043b\u0435\u0433 \u0438\u0437 \u0434\u0440\u0443\u0433\u0438\u0445 \u0441\u0442\u0440\u0430\u043d \u0432 \u0412\u0438\u043b\u044c\u043d\u044e\u0441\u0435, \u043f\u043e\u044d\u0442\u043e\u043c\u0443 \u043c\u044b \u043f\u0440\u0435\u0434\u043b\u0430\u0433\u0430\u0435\u043c \u043d\u0430\u0448\u0438\u043c \u0433\u043e\u0441\u0442\u044f\u043c \u0434\u0440\u0443\u0436\u0435\u043b\u044e\u0431\u043d\u0443\u044e \u0430\u0442\u043c\u043e\u0441\u0444\u0435\u0440\u0443, \u0441\u043e\u0432\u0440\u0435\u043c\u0435\u043d\u043d\u044b\u0435 \u0443\u0434\u043e\u0431\u0441\u0442\u0432\u0430 \u0438 \u043f\u0440\u043e\u0444\u0435\u0441\u0441\u0438\u043e\u043d\u0430\u043b\u044c\u043d\u043e\u0435 \u043e\u0431\u0441\u043b\u0443\u0436\u0438\u0432\u0430\u043d\u0438\u0435. \u041d\u0430\u0448\u0430 \u043a\u043e\u043c\u0430\u043d\u0434\u0430 \u043f\u043e\u0437\u0430\u0431\u043e\u0442\u0438\u0442\u0441\u044f \u043e \u0432\u0430\u0448\u0435\u043c \u043a\u043e\u043c\u0444\u043e\u0440\u0442\u0435 \u0438 \u0431\u0435\u0437\u043e\u043f\u0430\u0441\u043d\u043e\u0441\u0442\u0438. \u041c\u044b \u0433\u043e\u0432\u043e\u0440\u0438\u043c \u043d\u0430 \u043b\u0438\u0442\u043e\u0432\u0441\u043a\u043e\u043c, \u0440\u0443\u0441\u0441\u043a\u043e\u043c, \u0430\u043d\u0433\u043b\u0438\u0439\u0441\u043a\u043e\u043c \u0438 \u043f\u043e\u043b\u044c\u0441\u043a\u043e\u043c \u044f\u0437\u044b\u043a\u0430\u0445. \u041c\u044b \u043c\u043e\u0436\u0435\u043c \u043f\u0440\u0438\u043d\u044f\u0442\u044c \u0434\u043e 100 \u0433\u043e\u0441\u0442\u0435\u0439 \u043e\u0434\u043d\u043e\u0432\u0440\u0435\u043c\u0435\u043d\u043d\u043e.<\/span>\n\n<span style=\"font-weight: 400;\">\u0412 \u0445\u043e\u0441\u0442\u0435\u043b\u0435 \u0432\u0430\u0441 \u0436\u0434\u0443\u0442 \u0447\u0438\u0441\u0442\u044b\u0435 \u043e\u0431\u0449\u0438\u0435 \u043a\u043e\u043c\u043d\u0430\u0442\u044b (\u043e\u0442 \u0447\u0435\u0442\u044b\u0440\u0435\u0445 \u0434\u043e \u0448\u0435\u0441\u0442\u0438 \u043c\u0435\u0441\u0442), 3 \u0434\u0432\u0443\u0445\u043c\u0435\u0441\u0442\u043d\u044b\u0445 \u043d\u043e\u043c\u0435\u0440\u0430, \u043e\u0431\u0449\u0430\u044f \u043a\u0443\u0445\u043d\u044f, \u0437\u043e\u043d\u0430 \u043e\u0442\u0434\u044b\u0445\u0430 \u0438 \u0432\u0441\u0435 \u043d\u0435\u043e\u0431\u0445\u043e\u0434\u0438\u043c\u043e\u0435 \u0434\u043b\u044f \u043e\u0442\u0434\u044b\u0445\u0430 \u043f\u043e\u0441\u043b\u0435 \u0440\u0430\u0431\u043e\u0447\u0435\u0433\u043e \u0434\u043d\u044f. \u0412\u0441\u0435 \u043d\u043e\u043c\u0435\u0440\u0430 \u043f\u0440\u043e\u0441\u0442\u043e\u0440\u043d\u044b\u0435 \u0438 \u0441\u0432\u0435\u0442\u043b\u044b\u0435, \u0441 \u0443\u044e\u0442\u043d\u044b\u043c \u0438\u043d\u0442\u0435\u0440\u044c\u0435\u0440\u043e\u043c, \u043f\u043e\u0437\u0432\u043e\u043b\u044f\u044e\u0449\u0438\u043c \u0433\u043e\u0441\u0442\u044f\u043c \u0447\u0443\u0432\u0441\u0442\u0432\u043e\u0432\u0430\u0442\u044c \u0441\u0435\u0431\u044f \u043a\u0430\u043a \u0434\u043e\u043c\u0430.\u00a0<\/span>\n\n<span style=\"font-weight: 400;\">\u0414\u043b\u044f \u0431\u0438\u0437\u043d\u0435\u0441-\u043a\u043b\u0438\u0435\u043d\u0442\u043e\u0432 \u043c\u044b \u043f\u0440\u0438\u043c\u0435\u043d\u044f\u0435\u043c \u0433\u0438\u0431\u043a\u0438\u0435 \u0443\u0441\u043b\u043e\u0432\u0438\u044f \u043e\u043f\u043b\u0430\u0442\u044b \u0438 \u043f\u0440\u0435\u0434\u043e\u0441\u0442\u0430\u0432\u043b\u044f\u0435\u043c \u0438\u043d\u0434\u0438\u0432\u0438\u0434\u0443\u0430\u043b\u044c\u043d\u044b\u0435 \u043f\u0440\u0435\u0434\u043b\u043e\u0436\u0435\u043d\u0438\u044f \u043f\u043e \u0434\u043e\u043b\u0433\u043e\u0441\u0440\u043e\u0447\u043d\u043e\u043c\u0443 \u0440\u0430\u0437\u043c\u0435\u0449\u0435\u043d\u0438\u044e \u0438 \u043a\u043e\u043d\u0442\u0440\u0430\u043a\u0442\u0430\u043c. <\/span>\n\n<span style=\"font-weight: 400;\">\u041f\u043e \u0432\u043e\u043f\u0440\u043e\u0441\u0430\u043c \u0433\u0440\u0443\u043f\u043f\u043e\u0432\u043e\u0433\u043e \u0440\u0430\u0437\u043c\u0435\u0449\u0435\u043d\u0438\u044f \u043e\u0431\u0440\u0430\u0449\u0430\u0439\u0442\u0435\u0441\u044c: <\/span>\n\n<span style=\"font-weight: 400;\">verslas@stotieshostelis.lt <\/span>\n\n<span style=\"font-weight: 400;\">\u0442\u0435\u043b. +370 658 05189\n<\/span>\n\n<span style=\"font-weight: 400;\">\u041c\u044b - <\/span><b>\u041d\u041e\u0412\u042b\u0419 <\/b><span style=\"font-weight: 400;\">\u00ab\u0421\u0442\u043e\u0442\u0438\u0441 \u0425\u043e\u0441\u0442\u0435\u043b\u00bb \u2013 \u0412\u0430\u0448 \u043d\u0430\u0434\u0435\u0436\u043d\u044b\u0439 \u0434\u0435\u043b\u043e\u0432\u043e\u0439 \u043f\u0430\u0440\u0442\u043d\u0435\u0440, \u043a\u043e\u0433\u0434\u0430 \u0412\u0430\u043c \u043d\u0435\u043e\u0431\u0445\u043e\u0434\u0438\u043c\u043e \u043a\u043e\u043c\u0444\u043e\u0440\u0442\u043d\u043e\u0435 \u043f\u0440\u043e\u0436\u0438\u0432\u0430\u043d\u0438\u0435!<\/span>\t\t\t\t\t\t\t\t<\/div>\n\t\t\t\t<\/div>\n\t\t\t\t\t<\/div>\n\t\t<\/div>\n\t\t\t\t\t<\/div>\n\t\t<\/section>\n\t\t\t\t<section class=\"elementor-section elementor-top-section elementor-element elementor-element-0397089 elementor-section-boxed elementor-section-height-default elementor-section-height-default qodef-elementor-content-no\" data-id=\"0397089\" data-element_type=\"section\" data-e-type=\"section\">\n\t\t\t\t\t\t<div class=\"elementor-container elementor-column-gap-default\">\n\t\t\t\t\t<div class=\"elementor-column elementor-col-100 elementor-top-column elementor-element elementor-element-a731a63\" data-id=\"a731a63\" data-element_type=\"column\" data-e-type=\"column\">\n\t\t\t<div class=\"elementor-widget-wrap elementor-element-populated\">\n\t\t\t\t\t\t<div class=\"elementor-element elementor-element-900cd19 elementor-widget elementor-widget-video\" data-id=\"900cd19\" data-element_type=\"widget\" data-e-type=\"widget\" data-settings=\"{&quot;video_type&quot;:&quot;hosted&quot;,&quot;controls&quot;:&quot;yes&quot;}\" data-widget_type=\"video.default\">\n\t\t\t\t<div class=\"elementor-widget-container\">\n\t\t\t\t\t\t\t<div class=\"e-hosted-video elementor-wrapper elementor-open-inline\">\n\t\t\t\t\t<video class=\"elementor-video\" src=\"http:\/\/stotieshostelis.lt\/wp-content\/uploads\/2023\/09\/Stoties-Hostelis-Verslui-LT-VIDEO.mp4\" controls=\"\" preload=\"metadata\" controlslist=\"nodownload\"><\/video>\n\t\t\t\t<\/div>\n\t\t\t\t\t\t<\/div>\n\t\t\t\t<\/div>\n\t\t\t\t\t<\/div>\n\t\t<\/div>\n\t\t\t\t\t<\/div>\n\t\t<\/section>\n\t\t\t\t<\/div>","protected":false},"excerpt":{"rendered":"<p>Apgyvendinimo paslaugos Vilniuje verslo klientams Mieli esami ir b\u016bsimi verslo klientai,\u00a0 Skubame Jums prane\u0161ti, kad\u00a0 naujas Stoties Hostelis Vilniuje atv\u0117r\u0117 duris! M\u016bs\u0173 tikslas \u2013 u\u017etikrinti patogi\u0105 ir saugi\u0105 vie\u0161nag\u0119 J\u016bs\u0173 darbuotojams ir kolegoms i\u0161 kit\u0173 \u0161ali\u0173 Vilniuje, tod\u0117l savo sve\u010diams si\u016blome draugi\u0161k\u0105 atmosfer\u0105, \u0161iuolaiki\u0161kus patogumus ir profesional\u0173 aptarnavim\u0105. M\u016bs\u0173 komanda pasir\u016bpins j\u016bs\u0173 patogumu ir saugumu.\u00a0 [&hellip;]<\/p>\n","protected":false},"author":2,"featured_media":0,"parent":0,"menu_order":0,"comment_status":"closed","ping_status":"closed","template":"","meta":{"footnotes":""},"class_list":["post-5141","page","type-page","status-publish","hentry"],"yoast_head":"<!-- This site is optimized with the Yoast SEO plugin v22.6 - https:\/\/yoast.com\/wordpress\/plugins\/seo\/ -->\n<title>Apgyvendinimo paslaugos verslo klientams pigiau (2026) StotiesHostelis.lt<\/title>\n<meta name=\"description\" content=\"Apgyvendimo paslaugos Vilniuje J\u016bs\u0173 verslo klientams pigiai, patogiai ir greitai! Kvie\u010diame susisiekti: +370 690 56555E: info@stotieshostelis.lt\" \/>\n<meta name=\"robots\" content=\"index, follow, max-snippet:-1, max-image-preview:large, max-video-preview:-1\" \/>\n<link rel=\"canonical\" href=\"https:\/\/stotieshostelis.lt\/ru\/\u0434\u043b\u044f-\u0431\u0438\u0437\u043d\u0435\u0441\u0430-2\/\" \/>\n<meta property=\"og:locale\" content=\"ru_RU\" \/>\n<meta property=\"og:type\" content=\"article\" \/>\n<meta property=\"og:title\" content=\"Apgyvendinimo paslaugos verslo klientams pigiau (2026) StotiesHostelis.lt\" \/>\n<meta property=\"og:description\" content=\"Apgyvendimo paslaugos Vilniuje J\u016bs\u0173 verslo klientams pigiai, patogiai ir greitai! Kvie\u010diame susisiekti: +370 690 56555E: info@stotieshostelis.lt\" \/>\n<meta property=\"og:url\" content=\"https:\/\/stotieshostelis.lt\/ru\/\u0434\u043b\u044f-\u0431\u0438\u0437\u043d\u0435\u0441\u0430-2\/\" \/>\n<meta property=\"og:site_name\" content=\"StotiesHostelis.lt\" \/>\n<meta property=\"article:publisher\" content=\"https:\/\/www.facebook.com\/stotieshostelis\" \/>\n<meta property=\"article:modified_time\" content=\"2024-01-04T16:52:45+00:00\" \/>\n<meta property=\"og:image\" content=\"https:\/\/stotieshostelis.lt\/wp-content\/uploads\/2023\/09\/Mainhostel.png\" \/>\n\t<meta property=\"og:image:width\" content=\"454\" \/>\n\t<meta property=\"og:image:height\" content=\"243\" \/>\n\t<meta property=\"og:image:type\" content=\"image\/png\" \/>\n<meta name=\"twitter:card\" content=\"summary_large_image\" \/>\n<meta name=\"twitter:label1\" content=\"\u041f\u0440\u0438\u043c\u0435\u0440\u043d\u043e\u0435 \u0432\u0440\u0435\u043c\u044f \u0434\u043b\u044f \u0447\u0442\u0435\u043d\u0438\u044f\" \/>\n\t<meta name=\"twitter:data1\" content=\"1 \u043c\u0438\u043d\u0443\u0442\u0430\" \/>\n<script type=\"application\/ld+json\" class=\"yoast-schema-graph\">{\"@context\":\"https:\/\/schema.org\",\"@graph\":[{\"@type\":\"WebPage\",\"@id\":\"https:\/\/stotieshostelis.lt\/verslui-2\/\",\"url\":\"https:\/\/stotieshostelis.lt\/verslui-2\/\",\"name\":\"Apgyvendinimo paslaugos verslo klientams pigiau (2026) StotiesHostelis.lt\",\"isPartOf\":{\"@id\":\"https:\/\/stotieshostelis.lt\/#website\"},\"datePublished\":\"2023-08-23T09:03:38+00:00\",\"dateModified\":\"2024-01-04T16:52:45+00:00\",\"description\":\"Apgyvendimo paslaugos Vilniuje J\u016bs\u0173 verslo klientams pigiai, patogiai ir greitai! Kvie\u010diame susisiekti: +370 690 56555E: info@stotieshostelis.lt\",\"breadcrumb\":{\"@id\":\"https:\/\/stotieshostelis.lt\/verslui-2\/#breadcrumb\"},\"inLanguage\":\"ru-RU\",\"potentialAction\":[{\"@type\":\"ReadAction\",\"target\":[\"https:\/\/stotieshostelis.lt\/verslui-2\/\"]}]},{\"@type\":\"BreadcrumbList\",\"@id\":\"https:\/\/stotieshostelis.lt\/verslui-2\/#breadcrumb\",\"itemListElement\":[{\"@type\":\"ListItem\",\"position\":1,\"name\":\"Home\",\"item\":\"https:\/\/stotieshostelis.lt\/\"},{\"@type\":\"ListItem\",\"position\":2,\"name\":\"Verslui\"}]},{\"@type\":\"WebSite\",\"@id\":\"https:\/\/stotieshostelis.lt\/#website\",\"url\":\"https:\/\/stotieshostelis.lt\/\",\"name\":\"StotiesHostelis.lt\",\"description\":\"Geriausios kainos garantas!\",\"publisher\":{\"@id\":\"https:\/\/stotieshostelis.lt\/#organization\"},\"alternateName\":\"Stoties Hostelis\",\"potentialAction\":[{\"@type\":\"SearchAction\",\"target\":{\"@type\":\"EntryPoint\",\"urlTemplate\":\"https:\/\/stotieshostelis.lt\/?s={search_term_string}\"},\"query-input\":\"required name=search_term_string\"}],\"inLanguage\":\"ru-RU\"},{\"@type\":\"Organization\",\"@id\":\"https:\/\/stotieshostelis.lt\/#organization\",\"name\":\"Stoties Hostelis\",\"url\":\"https:\/\/stotieshostelis.lt\/\",\"logo\":{\"@type\":\"ImageObject\",\"inLanguage\":\"ru-RU\",\"@id\":\"https:\/\/stotieshostelis.lt\/#\/schema\/logo\/image\/\",\"url\":\"https:\/\/stotieshostelis.lt\/wp-content\/uploads\/2023\/09\/Mainhostel.png\",\"contentUrl\":\"https:\/\/stotieshostelis.lt\/wp-content\/uploads\/2023\/09\/Mainhostel.png\",\"width\":454,\"height\":243,\"caption\":\"Stoties Hostelis\"},\"image\":{\"@id\":\"https:\/\/stotieshostelis.lt\/#\/schema\/logo\/image\/\"},\"sameAs\":[\"https:\/\/www.facebook.com\/stotieshostelis\",\"https:\/\/www.instagram.com\/stotieshostelis_\/\"]}]}<\/script>\n<!-- \/ Yoast SEO plugin. -->","yoast_head_json":{"title":"Apgyvendinimo paslaugos verslo klientams pigiau (2026) StotiesHostelis.lt","description":"\u0423\u0441\u043b\u0443\u0433\u0438 \u0440\u0430\u0437\u043c\u0435\u0449\u0435\u043d\u0438\u044f \u0432 \u0412\u0438\u043b\u044c\u043d\u044e\u0441\u0435 \u0434\u043b\u044f \u0412\u0430\u0448\u0438\u0445 \u0431\u0438\u0437\u043d\u0435\u0441-\u043a\u043b\u0438\u0435\u043d\u0442\u043e\u0432 \u043d\u0435\u0434\u043e\u0440\u043e\u0433\u043e, \u043a\u043e\u043c\u0444\u043e\u0440\u0442\u043d\u043e \u0438 \u0431\u044b\u0441\u0442\u0440\u043e! +370 690 56555, info@stotieshostelis.lt","robots":{"index":"index","follow":"follow","max-snippet":"max-snippet:-1","max-image-preview":"max-image-preview:large","max-video-preview":"max-video-preview:-1"},"canonical":"https:\/\/stotieshostelis.lt\/ru\/\u0434\u043b\u044f-\u0431\u0438\u0437\u043d\u0435\u0441\u0430-2\/","og_locale":"ru_RU","og_type":"article","og_title":"Apgyvendinimo paslaugos verslo klientams pigiau (2026) StotiesHostelis.lt","og_description":"Apgyvendimo paslaugos Vilniuje J\u016bs\u0173 verslo klientams pigiai, patogiai ir greitai! Kvie\u010diame susisiekti: +370 690 56555E: info@stotieshostelis.lt","og_url":"https:\/\/stotieshostelis.lt\/ru\/\u0434\u043b\u044f-\u0431\u0438\u0437\u043d\u0435\u0441\u0430-2\/","og_site_name":"StotiesHostelis.lt","article_publisher":"https:\/\/www.facebook.com\/stotieshostelis","article_modified_time":"2024-01-04T16:52:45+00:00","og_image":[{"width":454,"height":243,"url":"https:\/\/stotieshostelis.lt\/wp-content\/uploads\/2023\/09\/Mainhostel.png","type":"image\/png"}],"twitter_card":"summary_large_image","twitter_misc":{"\u041f\u0440\u0438\u043c\u0435\u0440\u043d\u043e\u0435 \u0432\u0440\u0435\u043c\u044f \u0434\u043b\u044f \u0447\u0442\u0435\u043d\u0438\u044f":"1 \u043c\u0438\u043d\u0443\u0442\u0430"},"schema":{"@context":"https:\/\/schema.org","@graph":[{"@type":"WebPage","@id":"https:\/\/stotieshostelis.lt\/verslui-2\/","url":"https:\/\/stotieshostelis.lt\/verslui-2\/","name":"Apgyvendinimo paslaugos verslo klientams pigiau (2026) StotiesHostelis.lt","isPartOf":{"@id":"https:\/\/stotieshostelis.lt\/#website"},"datePublished":"2023-08-23T09:03:38+00:00","dateModified":"2024-01-04T16:52:45+00:00","description":"\u0423\u0441\u043b\u0443\u0433\u0438 \u0440\u0430\u0437\u043c\u0435\u0449\u0435\u043d\u0438\u044f \u0432 \u0412\u0438\u043b\u044c\u043d\u044e\u0441\u0435 \u0434\u043b\u044f \u0412\u0430\u0448\u0438\u0445 \u0431\u0438\u0437\u043d\u0435\u0441-\u043a\u043b\u0438\u0435\u043d\u0442\u043e\u0432 \u043d\u0435\u0434\u043e\u0440\u043e\u0433\u043e, \u043a\u043e\u043c\u0444\u043e\u0440\u0442\u043d\u043e \u0438 \u0431\u044b\u0441\u0442\u0440\u043e! +370 690 56555, info@stotieshostelis.lt","breadcrumb":{"@id":"https:\/\/stotieshostelis.lt\/verslui-2\/#breadcrumb"},"inLanguage":"ru-RU","potentialAction":[{"@type":"ReadAction","target":["https:\/\/stotieshostelis.lt\/verslui-2\/"]}]},{"@type":"BreadcrumbList","@id":"https:\/\/stotieshostelis.lt\/verslui-2\/#breadcrumb","itemListElement":[{"@type":"ListItem","position":1,"name":"Home","item":"https:\/\/stotieshostelis.lt\/"},{"@type":"ListItem","position":2,"name":"Verslui"}]},{"@type":"WebSite","@id":"https:\/\/stotieshostelis.lt\/#website","url":"https:\/\/stotieshostelis.lt\/","name":"StotiesHostelis.lt","description":"\u0413\u0430\u0440\u0430\u043d\u0442\u0438\u044f \u043b\u0443\u0447\u0448\u0435\u0439 \u0446\u0435\u043d\u044b!","publisher":{"@id":"https:\/\/stotieshostelis.lt\/#organization"},"alternateName":"Stoties Hostelis","potentialAction":[{"@type":"SearchAction","target":{"@type":"EntryPoint","urlTemplate":"https:\/\/stotieshostelis.lt\/?s={search_term_string}"},"query-input":"required name=search_term_string"}],"inLanguage":"ru-RU"},{"@type":"Organization","@id":"https:\/\/stotieshostelis.lt\/#organization","name":"\u0421\u0442\u0430\u043d\u0446\u0438\u044f \u0425\u043e\u0441\u0442\u0435\u043b","url":"https:\/\/stotieshostelis.lt\/","logo":{"@type":"ImageObject","inLanguage":"ru-RU","@id":"https:\/\/stotieshostelis.lt\/#\/schema\/logo\/image\/","url":"https:\/\/stotieshostelis.lt\/wp-content\/uploads\/2023\/09\/Mainhostel.png","contentUrl":"https:\/\/stotieshostelis.lt\/wp-content\/uploads\/2023\/09\/Mainhostel.png","width":454,"height":243,"caption":"Stoties Hostelis"},"image":{"@id":"https:\/\/stotieshostelis.lt\/#\/schema\/logo\/image\/"},"sameAs":["https:\/\/www.facebook.com\/stotieshostelis","https:\/\/www.instagram.com\/stotieshostelis_\/"]}]}},"_links":{"self":[{"href":"https:\/\/stotieshostelis.lt\/ru\/wp-json\/wp\/v2\/pages\/5141","targetHints":{"allow":["GET"]}}],"collection":[{"href":"https:\/\/stotieshostelis.lt\/ru\/wp-json\/wp\/v2\/pages"}],"about":[{"href":"https:\/\/stotieshostelis.lt\/ru\/wp-json\/wp\/v2\/types\/page"}],"author":[{"embeddable":true,"href":"https:\/\/stotieshostelis.lt\/ru\/wp-json\/wp\/v2\/users\/2"}],"replies":[{"embeddable":true,"href":"https:\/\/stotieshostelis.lt\/ru\/wp-json\/wp\/v2\/comments?post=5141"}],"version-history":[{"count":57,"href":"https:\/\/stotieshostelis.lt\/ru\/wp-json\/wp\/v2\/pages\/5141\/revisions"}],"predecessor-version":[{"id":6567,"href":"https:\/\/stotieshostelis.lt\/ru\/wp-json\/wp\/v2\/pages\/5141\/revisions\/6567"}],"wp:attachment":[{"href":"https:\/\/stotieshostelis.lt\/ru\/wp-json\/wp\/v2\/media?parent=5141"}],"curies":[{"name":"wp","href":"https:\/\/api.w.org\/{rel}","templated":true}]}}